{"id":2681,"date":"2021-10-27T07:02:36","date_gmt":"2021-10-27T07:02:36","guid":{"rendered":"https:\/\/www.bergteknik.se\/?page_id=2681"},"modified":"2022-11-24T17:51:25","modified_gmt":"2022-11-24T17:51:25","slug":"whistle-blower","status":"publish","type":"page","link":"https:\/\/www.bergteknik.se\/en\/visselblasare\/","title":{"rendered":"Whistleblowing"},"content":{"rendered":"<div data-elementor-type=\"wp-page\" data-elementor-id=\"2681\" class=\"elementor elementor-2681\" data-elementor-post-type=\"page\">\n\t\t\t\t\t\t<section data-particle_enable=\"false\" data-particle-mobile-disabled=\"false\" class=\"elementor-section elementor-top-section elementor-element elementor-element-7a5c397 elementor-section-boxed elementor-section-height-default elementor-section-height-default\" data-id=\"7a5c397\" data-element_type=\"section\" data-e-type=\"section\" data-settings=\"{&quot;background_background&quot;:&quot;classic&quot;}\">\n\t\t\t\t\t\t<div class=\"elementor-container elementor-column-gap-default\">\n\t\t\t\t\t<div class=\"elementor-column elementor-col-100 elementor-top-column elementor-element elementor-element-bc1ab3c\" data-id=\"bc1ab3c\" data-element_type=\"column\" data-e-type=\"column\">\n\t\t\t<div class=\"elementor-widget-wrap elementor-element-populated\">\n\t\t\t\t\t\t<div class=\"elementor-element elementor-element-6c064a4 elementor-widget elementor-widget-heading\" data-id=\"6c064a4\" data-element_type=\"widget\" data-e-type=\"widget\" data-widget_type=\"heading.default\">\n\t\t\t\t<div class=\"elementor-widget-container\">\n\t\t\t\t\t<h6 class=\"elementor-heading-title elementor-size-default\">Working against abuse<\/h6>\t\t\t\t<\/div>\n\t\t\t\t<\/div>\n\t\t\t\t<div class=\"elementor-element elementor-element-feb6a15 elementor-widget elementor-widget-heading\" data-id=\"feb6a15\" data-element_type=\"widget\" data-e-type=\"widget\" data-widget_type=\"heading.default\">\n\t\t\t\t<div class=\"elementor-widget-container\">\n\t\t\t\t\t<h1 class=\"elementor-heading-title elementor-size-default\">Whistleblowing<\/h1>\t\t\t\t<\/div>\n\t\t\t\t<\/div>\n\t\t\t\t<div class=\"elementor-element elementor-element-554fffb elementor-widget elementor-widget-text-editor\" data-id=\"554fffb\" data-element_type=\"widget\" data-e-type=\"widget\" data-widget_type=\"text-editor.default\">\n\t\t\t\t<div class=\"elementor-widget-container\">\n\t\t\t\t\t\t\t\t\t<p><strong>We endeavour to run Norrbottens Bergteknik in a long-term and sustainable way. We are therefore keen that misconduct or irregularities that can seriously damage the business or our employees are recognised and investigated as early as possible.<\/strong><\/p>\t\t\t\t\t\t\t\t<\/div>\n\t\t\t\t<\/div>\n\t\t\t\t\t<\/div>\n\t\t<\/div>\n\t\t\t\t\t<\/div>\n\t\t<\/section>\n\t\t\t\t<section data-particle_enable=\"false\" data-particle-mobile-disabled=\"false\" class=\"elementor-section elementor-top-section elementor-element elementor-element-5067f2b elementor-section-boxed elementor-section-height-default elementor-section-height-default\" data-id=\"5067f2b\" data-element_type=\"section\" data-e-type=\"section\" data-settings=\"{&quot;background_background&quot;:&quot;classic&quot;}\">\n\t\t\t\t\t\t<div class=\"elementor-container elementor-column-gap-default\">\n\t\t\t\t\t<div class=\"elementor-column elementor-col-100 elementor-top-column elementor-element elementor-element-052a840\" data-id=\"052a840\" data-element_type=\"column\" data-e-type=\"column\">\n\t\t\t<div class=\"elementor-widget-wrap elementor-element-populated\">\n\t\t\t\t\t\t<div class=\"elementor-element elementor-element-4d2a9c8 elementor-widget elementor-widget-text-editor\" data-id=\"4d2a9c8\" data-element_type=\"widget\" data-e-type=\"widget\" data-widget_type=\"text-editor.default\">\n\t\t\t\t<div class=\"elementor-widget-container\">\n\t\t\t\t\t\t\t\t\t<p><span style=\"font-size: inherit;\">To simplify for those who want to provide information about misconduct or irregularities that violate current legislation, Norrbottens Bergteknik's Code of Conduct or other Norrbottens Bergteknik policies, we have a Whistleblower system.<\/span><\/p><p>This system allows employees and partners to provide information while being guaranteed total anonymity. All reports are received and investigated by an external organisation.<\/p><p><b>What abuses can be reported?<\/b><br \/>Through the whistleblower system, you can report misconduct within Norrbottens Bergteknik concerning:<\/p><ul><li>accounting, internal accounting controls, auditing, bribery or other financial crime,<\/li><li>serious violations of Norrbotten Bergteknik's Code of Conduct, Financial Policy, Insider Policy, Sustainability Policy, Communication Policy, Internal Control Policy or,<\/li><li>other serious misconduct affecting Norrbotten Bergteknik's vital interests or the life and health of individuals.<\/li><\/ul><p><b>Our whistleblowing system<\/b><br \/>Our whistleblowing system is an early warning system to mitigate risks. It is important to safeguard good corporate governance and maintain the trust of customers and the public in us. The service is open to employees, contractors, trainees, etc. at Norrbottens Bergteknik and to people with equivalent positions at Norrbottens Bergteknik's subcontractors and suppliers.<\/p>\t\t\t\t\t\t\t\t<\/div>\n\t\t\t\t<\/div>\n\t\t\t\t\t<\/div>\n\t\t<\/div>\n\t\t\t\t\t<\/div>\n\t\t<\/section>\n\t\t\t\t<section data-particle_enable=\"false\" data-particle-mobile-disabled=\"false\" class=\"elementor-section elementor-top-section elementor-element elementor-element-cf4fb33 elementor-section-boxed elementor-section-height-default elementor-section-height-default\" data-id=\"cf4fb33\" data-element_type=\"section\" data-e-type=\"section\" data-settings=\"{&quot;background_background&quot;:&quot;classic&quot;}\">\n\t\t\t\t\t\t<div class=\"elementor-container elementor-column-gap-default\">\n\t\t\t\t\t<div class=\"elementor-column elementor-col-100 elementor-top-column elementor-element elementor-element-9715d38\" data-id=\"9715d38\" data-element_type=\"column\" data-e-type=\"column\">\n\t\t\t<div class=\"elementor-widget-wrap elementor-element-populated\">\n\t\t\t\t\t\t<div class=\"elementor-element elementor-element-2a7cd79 elementor-widget elementor-widget-heading\" data-id=\"2a7cd79\" data-element_type=\"widget\" data-e-type=\"widget\" data-widget_type=\"heading.default\">\n\t\t\t\t<div class=\"elementor-widget-container\">\n\t\t\t\t\t<h2 class=\"elementor-heading-title elementor-size-default\">How to make a notification<\/h2>\t\t\t\t<\/div>\n\t\t\t\t<\/div>\n\t\t\t\t<div class=\"elementor-element elementor-element-06ab913 elementor-widget elementor-widget-text-editor\" data-id=\"06ab913\" data-element_type=\"widget\" data-e-type=\"widget\" data-widget_type=\"text-editor.default\">\n\t\t\t\t<div class=\"elementor-widget-container\">\n\t\t\t\t\t\t\t\t\t<p><span>You can find Norrbotten Bergteknik's whistleblowing system via the button below or the link:<\/span> https:\/\/whistleblowersoftware.com\/secure\/nordiskbergteknik<\/p>\n<p><span>Once you are in the whistleblowing system, you can choose whether you want to make your report orally in the system, in writing in the system or orally via a physical or digital meeting. A report can be made 24 hours a day, seven days a week. A report is always handled anonymously and with the utmost confidentiality.&nbsp;<\/span><\/p>\n<p><span>More information on reporting, processing of personal data, anonymity and handling of the report can be found in the Whistleblowing System.<\/span><\/p>\t\t\t\t\t\t\t\t<\/div>\n\t\t\t\t<\/div>\n\t\t\t\t<section data-particle_enable=\"false\" data-particle-mobile-disabled=\"false\" class=\"elementor-section elementor-inner-section elementor-element elementor-element-cbe64ee elementor-section-boxed elementor-section-height-default elementor-section-height-default\" data-id=\"cbe64ee\" data-element_type=\"section\" data-e-type=\"section\">\n\t\t\t\t\t\t<div class=\"elementor-container elementor-column-gap-default\">\n\t\t\t\t\t<div class=\"elementor-column elementor-col-50 elementor-inner-column elementor-element elementor-element-eb3cb88\" data-id=\"eb3cb88\" data-element_type=\"column\" data-e-type=\"column\">\n\t\t\t<div class=\"elementor-widget-wrap elementor-element-populated\">\n\t\t\t\t\t\t<div class=\"elementor-element elementor-element-fa3ad0b elementor-align-right elementor-mobile-align-center elementor-widget elementor-widget-button\" data-id=\"fa3ad0b\" data-element_type=\"widget\" data-e-type=\"widget\" data-widget_type=\"button.default\">\n\t\t\t\t<div class=\"elementor-widget-container\">\n\t\t\t\t\t\t\t\t\t<div class=\"elementor-button-wrapper\">\n\t\t\t\t\t<a class=\"elementor-button elementor-button-link elementor-size-sm\" href=\"https:\/\/www.bergteknik.se\/wp-content\/uploads\/2022\/11\/Visselblasarsystem-Informationsblad.pdf\" target=\"_blank\">\n\t\t\t\t\t\t<span class=\"elementor-button-content-wrapper\">\n\t\t\t\t\t\t<span class=\"elementor-button-icon\">\n\t\t\t\t<i aria-hidden=\"true\" class=\"far fa-file-pdf\"><\/i>\t\t\t<\/span>\n\t\t\t\t\t\t\t\t\t<span class=\"elementor-button-text\">Read more about whistleblowing here<\/span>\n\t\t\t\t\t<\/span>\n\t\t\t\t\t<\/a>\n\t\t\t\t<\/div>\n\t\t\t\t\t\t\t\t<\/div>\n\t\t\t\t<\/div>\n\t\t\t\t\t<\/div>\n\t\t<\/div>\n\t\t\t\t<div class=\"elementor-column elementor-col-50 elementor-inner-column elementor-element elementor-element-3b52b13\" data-id=\"3b52b13\" data-element_type=\"column\" data-e-type=\"column\">\n\t\t\t<div class=\"elementor-widget-wrap elementor-element-populated\">\n\t\t\t\t\t\t<div class=\"elementor-element elementor-element-d1184dd elementor-align-left elementor-mobile-align-center elementor-widget elementor-widget-button\" data-id=\"d1184dd\" data-element_type=\"widget\" data-e-type=\"widget\" data-widget_type=\"button.default\">\n\t\t\t\t<div class=\"elementor-widget-container\">\n\t\t\t\t\t\t\t\t\t<div class=\"elementor-button-wrapper\">\n\t\t\t\t\t<a class=\"elementor-button elementor-button-link elementor-size-sm\" href=\"https:\/\/whistleblowersoftware.com\/secure\/nordiskbergteknik\" target=\"_blank\">\n\t\t\t\t\t\t<span class=\"elementor-button-content-wrapper\">\n\t\t\t\t\t\t<span class=\"elementor-button-icon\">\n\t\t\t\t<i aria-hidden=\"true\" class=\"fas fa-external-link-alt\"><\/i>\t\t\t<\/span>\n\t\t\t\t\t\t\t\t\t<span class=\"elementor-button-text\">Make a whistleblowing report here<\/span>\n\t\t\t\t\t<\/span>\n\t\t\t\t\t<\/a>\n\t\t\t\t<\/div>\n\t\t\t\t\t\t\t\t<\/div>\n\t\t\t\t<\/div>\n\t\t\t\t\t<\/div>\n\t\t<\/div>\n\t\t\t\t\t<\/div>\n\t\t<\/section>\n\t\t\t\t<div class=\"elementor-element elementor-element-5caa003 elementor-widget-divider--view-line elementor-widget elementor-widget-divider\" data-id=\"5caa003\" data-element_type=\"widget\" data-e-type=\"widget\" data-widget_type=\"divider.default\">\n\t\t\t\t<div class=\"elementor-widget-container\">\n\t\t\t\t\t\t\t<div class=\"elementor-divider\">\n\t\t\t<span class=\"elementor-divider-separator\">\n\t\t\t\t\t\t<\/span>\n\t\t<\/div>\n\t\t\t\t\t\t<\/div>\n\t\t\t\t<\/div>\n\t\t\t\t\t<\/div>\n\t\t<\/div>\n\t\t\t\t\t<\/div>\n\t\t<\/section>\n\t\t\t\t<\/div>","protected":false},"excerpt":{"rendered":"<p>Arbete mot missf\u00f6rh\u00e5llanden Visselbl\u00e5sning Vi str\u00e4var efter att driva Norrbottens Bergteknik p\u00e5 ett l\u00e5ngsiktigt och h\u00e5llbart s\u00e4tt. Vi \u00e4r d\u00e4rf\u00f6r m\u00e5na om att missf\u00f6rh\u00e5llanden eller oegentligheter som allvarligt kan skada verksamheten eller v\u00e5ra medarbetare uppm\u00e4rksammas och utreds s\u00e5 tidigt som m\u00f6jligt. F\u00f6r att f\u00f6renkla f\u00f6r den som vill l\u00e4mna information om missf\u00f6rh\u00e5llanden eller oegentligheter som [&hellip;]<\/p>\n","protected":false},"author":1,"featured_media":0,"parent":0,"menu_order":0,"comment_status":"closed","ping_status":"closed","template":"page-templates\/template-pagebuilder-full-width.php","meta":{"_acf_changed":false,"footnotes":""},"class_list":["post-2681","page","type-page","status-publish","hentry"],"acf":[],"yoast_head":"<!-- This site is optimized with the Yoast SEO plugin v27.4 - https:\/\/yoast.com\/product\/yoast-seo-wordpress\/ -->\n<title>Visselbl\u00e5sare - Norrbottens Bergteknik<\/title>\n<meta name=\"robots\" content=\"index, follow, max-snippet:-1, max-image-preview:large, max-video-preview:-1\" \/>\n<link rel=\"canonical\" href=\"https:\/\/www.bergteknik.se\/en\/whistle-blower\/\" \/>\n<meta property=\"og:locale\" content=\"en_GB\" \/>\n<meta property=\"og:type\" content=\"article\" \/>\n<meta property=\"og:title\" content=\"Visselbl\u00e5sare - Norrbottens Bergteknik\" \/>\n<meta property=\"og:description\" content=\"Arbete mot missf\u00f6rh\u00e5llanden Visselbl\u00e5sning Vi str\u00e4var efter att driva Norrbottens Bergteknik p\u00e5 ett l\u00e5ngsiktigt och h\u00e5llbart s\u00e4tt. Vi \u00e4r d\u00e4rf\u00f6r m\u00e5na om att missf\u00f6rh\u00e5llanden eller oegentligheter som allvarligt kan skada verksamheten eller v\u00e5ra medarbetare uppm\u00e4rksammas och utreds s\u00e5 tidigt som m\u00f6jligt. F\u00f6r att f\u00f6renkla f\u00f6r den som vill l\u00e4mna information om missf\u00f6rh\u00e5llanden eller oegentligheter som [&hellip;]\" \/>\n<meta property=\"og:url\" content=\"https:\/\/www.bergteknik.se\/en\/whistle-blower\/\" \/>\n<meta property=\"og:site_name\" content=\"Norrbottens Bergteknik\" \/>\n<meta property=\"article:modified_time\" content=\"2022-11-24T17:51:25+00:00\" \/>\n<meta name=\"twitter:card\" content=\"summary_large_image\" \/>\n<meta name=\"twitter:label1\" content=\"Estimated reading time\" \/>\n\t<meta name=\"twitter:data1\" content=\"2 minutes\" \/>\n<script type=\"application\/ld+json\" class=\"yoast-schema-graph\">{\"@context\":\"https:\\\/\\\/schema.org\",\"@graph\":[{\"@type\":\"WebPage\",\"@id\":\"https:\\\/\\\/www.bergteknik.se\\\/visselblasare\\\/\",\"url\":\"https:\\\/\\\/www.bergteknik.se\\\/visselblasare\\\/\",\"name\":\"Visselbl\u00e5sare - Norrbottens Bergteknik\",\"isPartOf\":{\"@id\":\"https:\\\/\\\/www.bergteknik.se\\\/#website\"},\"datePublished\":\"2021-10-27T07:02:36+00:00\",\"dateModified\":\"2022-11-24T17:51:25+00:00\",\"breadcrumb\":{\"@id\":\"https:\\\/\\\/www.bergteknik.se\\\/visselblasare\\\/#breadcrumb\"},\"inLanguage\":\"en-GB\",\"potentialAction\":[{\"@type\":\"ReadAction\",\"target\":[\"https:\\\/\\\/www.bergteknik.se\\\/visselblasare\\\/\"]}]},{\"@type\":\"BreadcrumbList\",\"@id\":\"https:\\\/\\\/www.bergteknik.se\\\/visselblasare\\\/#breadcrumb\",\"itemListElement\":[{\"@type\":\"ListItem\",\"position\":1,\"name\":\"Hem\",\"item\":\"https:\\\/\\\/www.bergteknik.se\\\/\"},{\"@type\":\"ListItem\",\"position\":2,\"name\":\"Visselbl\u00e5sare\"}]},{\"@type\":\"WebSite\",\"@id\":\"https:\\\/\\\/www.bergteknik.se\\\/#website\",\"url\":\"https:\\\/\\\/www.bergteknik.se\\\/\",\"name\":\"Norrbottens Bergteknik\",\"description\":\"Ledande inom berghantering, borrning och spr\u00e4ngning\",\"publisher\":{\"@id\":\"https:\\\/\\\/www.bergteknik.se\\\/#organization\"},\"potentialAction\":[{\"@type\":\"SearchAction\",\"target\":{\"@type\":\"EntryPoint\",\"urlTemplate\":\"https:\\\/\\\/www.bergteknik.se\\\/?s={search_term_string}\"},\"query-input\":{\"@type\":\"PropertyValueSpecification\",\"valueRequired\":true,\"valueName\":\"search_term_string\"}}],\"inLanguage\":\"en-GB\"},{\"@type\":\"Organization\",\"@id\":\"https:\\\/\\\/www.bergteknik.se\\\/#organization\",\"name\":\"Norrbottens Bergteknik\",\"url\":\"https:\\\/\\\/www.bergteknik.se\\\/\",\"logo\":{\"@type\":\"ImageObject\",\"inLanguage\":\"en-GB\",\"@id\":\"https:\\\/\\\/www.bergteknik.se\\\/#\\\/schema\\\/logo\\\/image\\\/\",\"url\":\"https:\\\/\\\/www.bergteknik.se\\\/wp-content\\\/uploads\\\/2021\\\/12\\\/cropped-NBT_Logo_C_Bla_H100px.png\",\"contentUrl\":\"https:\\\/\\\/www.bergteknik.se\\\/wp-content\\\/uploads\\\/2021\\\/12\\\/cropped-NBT_Logo_C_Bla_H100px.png\",\"width\":536,\"height\":150,\"caption\":\"Norrbottens Bergteknik\"},\"image\":{\"@id\":\"https:\\\/\\\/www.bergteknik.se\\\/#\\\/schema\\\/logo\\\/image\\\/\"}}]}<\/script>\n<!-- \/ Yoast SEO plugin. -->","yoast_head_json":{"title":"Whistleblower - Norrbottens Bergteknik","robots":{"index":"index","follow":"follow","max-snippet":"max-snippet:-1","max-image-preview":"max-image-preview:large","max-video-preview":"max-video-preview:-1"},"canonical":"https:\/\/www.bergteknik.se\/en\/whistle-blower\/","og_locale":"en_GB","og_type":"article","og_title":"Visselbl\u00e5sare - Norrbottens Bergteknik","og_description":"Arbete mot missf\u00f6rh\u00e5llanden Visselbl\u00e5sning Vi str\u00e4var efter att driva Norrbottens Bergteknik p\u00e5 ett l\u00e5ngsiktigt och h\u00e5llbart s\u00e4tt. Vi \u00e4r d\u00e4rf\u00f6r m\u00e5na om att missf\u00f6rh\u00e5llanden eller oegentligheter som allvarligt kan skada verksamheten eller v\u00e5ra medarbetare uppm\u00e4rksammas och utreds s\u00e5 tidigt som m\u00f6jligt. F\u00f6r att f\u00f6renkla f\u00f6r den som vill l\u00e4mna information om missf\u00f6rh\u00e5llanden eller oegentligheter som [&hellip;]","og_url":"https:\/\/www.bergteknik.se\/en\/whistle-blower\/","og_site_name":"Norrbottens Bergteknik","article_modified_time":"2022-11-24T17:51:25+00:00","twitter_card":"summary_large_image","twitter_misc":{"Estimated reading time":"2 minutes"},"schema":{"@context":"https:\/\/schema.org","@graph":[{"@type":"WebPage","@id":"https:\/\/www.bergteknik.se\/visselblasare\/","url":"https:\/\/www.bergteknik.se\/visselblasare\/","name":"Whistleblower - Norrbottens Bergteknik","isPartOf":{"@id":"https:\/\/www.bergteknik.se\/#website"},"datePublished":"2021-10-27T07:02:36+00:00","dateModified":"2022-11-24T17:51:25+00:00","breadcrumb":{"@id":"https:\/\/www.bergteknik.se\/visselblasare\/#breadcrumb"},"inLanguage":"en-GB","potentialAction":[{"@type":"ReadAction","target":["https:\/\/www.bergteknik.se\/visselblasare\/"]}]},{"@type":"BreadcrumbList","@id":"https:\/\/www.bergteknik.se\/visselblasare\/#breadcrumb","itemListElement":[{"@type":"ListItem","position":1,"name":"Hem","item":"https:\/\/www.bergteknik.se\/"},{"@type":"ListItem","position":2,"name":"Visselbl\u00e5sare"}]},{"@type":"WebSite","@id":"https:\/\/www.bergteknik.se\/#website","url":"https:\/\/www.bergteknik.se\/","name":"Norrbottens Bergteknik","description":"Leader in rock handling, drilling and rock excavation","publisher":{"@id":"https:\/\/www.bergteknik.se\/#organization"},"potentialAction":[{"@type":"SearchAction","target":{"@type":"EntryPoint","urlTemplate":"https:\/\/www.bergteknik.se\/?s={search_term_string}"},"query-input":{"@type":"PropertyValueSpecification","valueRequired":true,"valueName":"search_term_string"}}],"inLanguage":"en-GB"},{"@type":"Organization","@id":"https:\/\/www.bergteknik.se\/#organization","name":"Norrbottens Bergteknik","url":"https:\/\/www.bergteknik.se\/","logo":{"@type":"ImageObject","inLanguage":"en-GB","@id":"https:\/\/www.bergteknik.se\/#\/schema\/logo\/image\/","url":"https:\/\/www.bergteknik.se\/wp-content\/uploads\/2021\/12\/cropped-NBT_Logo_C_Bla_H100px.png","contentUrl":"https:\/\/www.bergteknik.se\/wp-content\/uploads\/2021\/12\/cropped-NBT_Logo_C_Bla_H100px.png","width":536,"height":150,"caption":"Norrbottens Bergteknik"},"image":{"@id":"https:\/\/www.bergteknik.se\/#\/schema\/logo\/image\/"}}]}},"_links":{"self":[{"href":"https:\/\/www.bergteknik.se\/en\/wp-json\/wp\/v2\/pages\/2681","targetHints":{"allow":["GET"]}}],"collection":[{"href":"https:\/\/www.bergteknik.se\/en\/wp-json\/wp\/v2\/pages"}],"about":[{"href":"https:\/\/www.bergteknik.se\/en\/wp-json\/wp\/v2\/types\/page"}],"author":[{"embeddable":true,"href":"https:\/\/www.bergteknik.se\/en\/wp-json\/wp\/v2\/users\/1"}],"replies":[{"embeddable":true,"href":"https:\/\/www.bergteknik.se\/en\/wp-json\/wp\/v2\/comments?post=2681"}],"version-history":[{"count":160,"href":"https:\/\/www.bergteknik.se\/en\/wp-json\/wp\/v2\/pages\/2681\/revisions"}],"predecessor-version":[{"id":4265,"href":"https:\/\/www.bergteknik.se\/en\/wp-json\/wp\/v2\/pages\/2681\/revisions\/4265"}],"wp:attachment":[{"href":"https:\/\/www.bergteknik.se\/en\/wp-json\/wp\/v2\/media?parent=2681"}],"curies":[{"name":"wp","href":"https:\/\/api.w.org\/{rel}","templated":true}]}}