{"id":3449,"date":"2022-03-17T15:38:03","date_gmt":"2022-03-17T15:38:03","guid":{"rendered":"https:\/\/www.bergteknik.se\/?page_id=3449"},"modified":"2026-04-09T08:17:19","modified_gmt":"2026-04-09T08:17:19","slug":"miljo","status":"publish","type":"page","link":"https:\/\/www.bergteknik.se\/en\/miljo\/","title":{"rendered":"Environment"},"content":{"rendered":"<div data-elementor-type=\"wp-page\" data-elementor-id=\"3449\" class=\"elementor elementor-3449\" data-elementor-post-type=\"page\">\n\t\t\t\t\t\t<section data-particle_enable=\"false\" data-particle-mobile-disabled=\"false\" class=\"elementor-section elementor-top-section elementor-element elementor-element-9b1a042 elementor-section-boxed elementor-section-height-default elementor-section-height-default\" data-id=\"9b1a042\" data-element_type=\"section\" data-e-type=\"section\">\n\t\t\t\t\t\t<div class=\"elementor-container elementor-column-gap-default\">\n\t\t\t\t\t<div class=\"elementor-column elementor-col-100 elementor-top-column elementor-element elementor-element-ca0ebbf\" data-id=\"ca0ebbf\" data-element_type=\"column\" data-e-type=\"column\">\n\t\t\t<div class=\"elementor-widget-wrap\">\n\t\t\t\t\t\t\t<\/div>\n\t\t<\/div>\n\t\t\t\t\t<\/div>\n\t\t<\/section>\n\t\t\t\t<section data-particle_enable=\"false\" data-particle-mobile-disabled=\"false\" class=\"elementor-section elementor-top-section elementor-element elementor-element-14de2b2 elementor-section-boxed elementor-section-height-default elementor-section-height-default\" data-id=\"14de2b2\" data-element_type=\"section\" data-e-type=\"section\">\n\t\t\t\t\t\t<div class=\"elementor-container elementor-column-gap-default\">\n\t\t\t\t\t<div class=\"elementor-column elementor-col-50 elementor-top-column elementor-element elementor-element-5db4a89\" data-id=\"5db4a89\" data-element_type=\"column\" data-e-type=\"column\">\n\t\t\t<div class=\"elementor-widget-wrap elementor-element-populated\">\n\t\t\t\t\t\t<div class=\"elementor-element elementor-element-ef95c34 elementor-nav-menu--dropdown-tablet elementor-nav-menu__text-align-aside elementor-nav-menu--toggle elementor-nav-menu--burger elementor-widget elementor-widget-nav-menu\" data-id=\"ef95c34\" data-element_type=\"widget\" data-e-type=\"widget\" data-settings=\"{&quot;layout&quot;:&quot;vertical&quot;,&quot;submenu_icon&quot;:{&quot;value&quot;:&quot;&lt;i class=\\&quot;fas fa-caret-down\\&quot; aria-hidden=\\&quot;true\\&quot;&gt;&lt;\\\/i&gt;&quot;,&quot;library&quot;:&quot;fa-solid&quot;},&quot;toggle&quot;:&quot;burger&quot;}\" data-widget_type=\"nav-menu.default\">\n\t\t\t\t<div class=\"elementor-widget-container\">\n\t\t\t\t\t\t\t\t<nav aria-label=\"Menu\" class=\"elementor-nav-menu--main elementor-nav-menu__container elementor-nav-menu--layout-vertical e--pointer-underline e--animation-fade\">\n\t\t\t\t<ul id=\"menu-1-ef95c34\" class=\"elementor-nav-menu sm-vertical\"><li class=\"menu-item menu-item-type-post_type menu-item-object-page menu-item-3386\"><a href=\"https:\/\/www.bergteknik.se\/en\/leverantorsportal-start\/\" class=\"elementor-item\">The Supplier Portal<\/a><\/li>\n<li class=\"menu-item menu-item-type-post_type menu-item-object-page menu-item-3398\"><a href=\"https:\/\/www.bergteknik.se\/en\/arbetsmiljo\/\" class=\"elementor-item\">Working environment<\/a><\/li>\n<li class=\"menu-item menu-item-type-post_type menu-item-object-page menu-item-3388\"><a target=\"_blank\" href=\"https:\/\/www.bergteknik.se\/en\/fakturering\/\" class=\"elementor-item\">Invoicing <i class=\"fa-light fa-up-right-from-square\"><\/i><\/a><\/li>\n<li class=\"menu-item menu-item-type-post_type menu-item-object-page menu-item-3456\"><a target=\"_blank\" href=\"https:\/\/www.bergteknik.se\/en\/kontaktpersoner\/\" class=\"elementor-item\">Contact persons <i class=\"fa-light fa-up-right-from-square\"><\/i><\/a><\/li>\n<li class=\"menu-item menu-item-type-post_type menu-item-object-page menu-item-3454\"><a href=\"https:\/\/www.bergteknik.se\/en\/miljo\/\" class=\"elementor-item\">Environment<\/a><\/li>\n<li class=\"menu-item menu-item-type-post_type menu-item-object-page menu-item-3462\"><a href=\"https:\/\/www.bergteknik.se\/en\/ue2021\/\" class=\"elementor-item\">UE 2021<\/a><\/li>\n<li class=\"menu-item menu-item-type-post_type menu-item-object-page menu-item-3572\"><a href=\"https:\/\/www.bergteknik.se\/en\/policies\/\" class=\"elementor-item\">Policies<\/a><\/li>\n<li class=\"menu-item menu-item-type-post_type menu-item-object-page menu-item-3387\"><a target=\"_blank\" href=\"https:\/\/www.bergteknik.se\/en\/visselblasare\/\" class=\"elementor-item\">Whistleblowing<\/a><\/li>\n<\/ul>\t\t\t<\/nav>\n\t\t\t\t\t<div class=\"elementor-menu-toggle\" role=\"button\" tabindex=\"0\" aria-label=\"Menu Toggle\" aria-expanded=\"false\">\n\t\t\t<i aria-hidden=\"true\" role=\"presentation\" class=\"elementor-menu-toggle__icon--open eicon-menu-bar\"><\/i><i aria-hidden=\"true\" role=\"presentation\" class=\"elementor-menu-toggle__icon--close eicon-close\"><\/i>\t\t<\/div>\n\t\t\t\t\t<nav class=\"elementor-nav-menu--dropdown elementor-nav-menu__container\" aria-hidden=\"true\">\n\t\t\t\t<ul id=\"menu-2-ef95c34\" class=\"elementor-nav-menu sm-vertical\"><li class=\"menu-item menu-item-type-post_type menu-item-object-page menu-item-3386\"><a href=\"https:\/\/www.bergteknik.se\/en\/leverantorsportal-start\/\" class=\"elementor-item\" tabindex=\"-1\">The Supplier Portal<\/a><\/li>\n<li class=\"menu-item menu-item-type-post_type menu-item-object-page menu-item-3398\"><a href=\"https:\/\/www.bergteknik.se\/en\/arbetsmiljo\/\" class=\"elementor-item\" tabindex=\"-1\">Working environment<\/a><\/li>\n<li class=\"menu-item menu-item-type-post_type menu-item-object-page menu-item-3388\"><a target=\"_blank\" href=\"https:\/\/www.bergteknik.se\/en\/fakturering\/\" class=\"elementor-item\" tabindex=\"-1\">Invoicing <i class=\"fa-light fa-up-right-from-square\"><\/i><\/a><\/li>\n<li class=\"menu-item menu-item-type-post_type menu-item-object-page menu-item-3456\"><a target=\"_blank\" href=\"https:\/\/www.bergteknik.se\/en\/kontaktpersoner\/\" class=\"elementor-item\" tabindex=\"-1\">Contact persons <i class=\"fa-light fa-up-right-from-square\"><\/i><\/a><\/li>\n<li class=\"menu-item menu-item-type-post_type menu-item-object-page menu-item-3454\"><a href=\"https:\/\/www.bergteknik.se\/en\/miljo\/\" class=\"elementor-item\" tabindex=\"-1\">Environment<\/a><\/li>\n<li class=\"menu-item menu-item-type-post_type menu-item-object-page menu-item-3462\"><a href=\"https:\/\/www.bergteknik.se\/en\/ue2021\/\" class=\"elementor-item\" tabindex=\"-1\">UE 2021<\/a><\/li>\n<li class=\"menu-item menu-item-type-post_type menu-item-object-page menu-item-3572\"><a href=\"https:\/\/www.bergteknik.se\/en\/policies\/\" class=\"elementor-item\" tabindex=\"-1\">Policies<\/a><\/li>\n<li class=\"menu-item menu-item-type-post_type menu-item-object-page menu-item-3387\"><a target=\"_blank\" href=\"https:\/\/www.bergteknik.se\/en\/visselblasare\/\" class=\"elementor-item\" tabindex=\"-1\">Whistleblowing<\/a><\/li>\n<\/ul>\t\t\t<\/nav>\n\t\t\t\t\t\t<\/div>\n\t\t\t\t<\/div>\n\t\t\t\t\t<\/div>\n\t\t<\/div>\n\t\t\t\t<div class=\"elementor-column elementor-col-50 elementor-top-column elementor-element elementor-element-6356534\" data-id=\"6356534\" data-element_type=\"column\" data-e-type=\"column\">\n\t\t\t<div class=\"elementor-widget-wrap elementor-element-populated\">\n\t\t\t\t\t\t<div class=\"elementor-element elementor-element-ddedf58 elementor-widget elementor-widget-heading\" data-id=\"ddedf58\" data-element_type=\"widget\" data-e-type=\"widget\" data-widget_type=\"heading.default\">\n\t\t\t\t<div class=\"elementor-widget-container\">\n\t\t\t\t\t<h1 class=\"elementor-heading-title elementor-size-default\">Environment<\/h1>\t\t\t\t<\/div>\n\t\t\t\t<\/div>\n\t\t\t\t<div class=\"elementor-element elementor-element-1bafed6 elementor-widget elementor-widget-text-editor\" data-id=\"1bafed6\" data-element_type=\"widget\" data-e-type=\"widget\" data-widget_type=\"text-editor.default\">\n\t\t\t\t<div class=\"elementor-widget-container\">\n\t\t\t\t\t\t\t\t\t<p><strong>Our goal is to contribute to the society of the future by reducing our environmental impact. We strive for continuous improvement and reduced CO2 emissions. Through conscious staff and close cooperation with our partners, we want to work for a sustainable future.<\/strong><\/p><p><strong>Therefore, our goal is to reduce our environmental impact.<\/strong><\/p><p><\/p>\t\t\t\t\t\t\t\t<\/div>\n\t\t\t\t<\/div>\n\t\t\t\t<div class=\"elementor-element elementor-element-8231fd5 elementor-widget elementor-widget-image\" data-id=\"8231fd5\" data-element_type=\"widget\" data-e-type=\"widget\" data-widget_type=\"image.default\">\n\t\t\t\t<div class=\"elementor-widget-container\">\n\t\t\t\t\t\t\t\t\t\t\t\t\t\t\t<img fetchpriority=\"high\" decoding=\"async\" width=\"800\" height=\"534\" src=\"https:\/\/www.bergteknik.se\/wp-content\/uploads\/2021\/12\/DSC_7781_Magnus-Jonsson_Norrbottens-Bergteknik_Loftberget_1920px-1024x683.jpg\" class=\"attachment-large size-large wp-image-2974\" alt=\"Magnus Jonsson\" srcset=\"https:\/\/www.bergteknik.se\/wp-content\/uploads\/2021\/12\/DSC_7781_Magnus-Jonsson_Norrbottens-Bergteknik_Loftberget_1920px-1024x683.jpg 1024w, https:\/\/www.bergteknik.se\/wp-content\/uploads\/2021\/12\/DSC_7781_Magnus-Jonsson_Norrbottens-Bergteknik_Loftberget_1920px-300x200.jpg 300w, https:\/\/www.bergteknik.se\/wp-content\/uploads\/2021\/12\/DSC_7781_Magnus-Jonsson_Norrbottens-Bergteknik_Loftberget_1920px-768x512.jpg 768w, https:\/\/www.bergteknik.se\/wp-content\/uploads\/2021\/12\/DSC_7781_Magnus-Jonsson_Norrbottens-Bergteknik_Loftberget_1920px-1536x1024.jpg 1536w, https:\/\/www.bergteknik.se\/wp-content\/uploads\/2021\/12\/DSC_7781_Magnus-Jonsson_Norrbottens-Bergteknik_Loftberget_1920px-360x240.jpg 360w, https:\/\/www.bergteknik.se\/wp-content\/uploads\/2021\/12\/DSC_7781_Magnus-Jonsson_Norrbottens-Bergteknik_Loftberget_1920px.jpg 1920w\" sizes=\"(max-width: 800px) 100vw, 800px\" \/>\t\t\t\t\t\t\t\t\t\t\t\t\t\t\t<\/div>\n\t\t\t\t<\/div>\n\t\t\t\t<div class=\"elementor-element elementor-element-153dd34 elementor-tabs-view-vertical elementor-widget elementor-widget-tabs\" data-id=\"153dd34\" data-element_type=\"widget\" data-e-type=\"widget\" data-widget_type=\"tabs.default\">\n\t\t\t\t<div class=\"elementor-widget-container\">\n\t\t\t\t\t\t\t<div class=\"elementor-tabs\">\n\t\t\t<div class=\"elementor-tabs-wrapper\" role=\"tablist\" >\n\t\t\t\t\t\t\t\t\t<div id=\"elementor-tab-title-2221\" class=\"elementor-tab-title elementor-tab-desktop-title\" aria-selected=\"true\" data-tab=\"1\" role=\"tab\" tabindex=\"0\" aria-controls=\"elementor-tab-content-2221\" aria-expanded=\"false\">Waste management<\/div>\n\t\t\t\t\t\t\t\t\t<div id=\"elementor-tab-title-2222\" class=\"elementor-tab-title elementor-tab-desktop-title\" aria-selected=\"false\" data-tab=\"2\" role=\"tab\" tabindex=\"-1\" aria-controls=\"elementor-tab-content-2222\" aria-expanded=\"false\">Chemicals<\/div>\n\t\t\t\t\t\t\t\t\t<div id=\"elementor-tab-title-2223\" class=\"elementor-tab-title elementor-tab-desktop-title\" aria-selected=\"false\" data-tab=\"3\" role=\"tab\" tabindex=\"-1\" aria-controls=\"elementor-tab-content-2223\" aria-expanded=\"false\">Reporting<\/div>\n\t\t\t\t\t\t\t\t\t<div id=\"elementor-tab-title-2224\" class=\"elementor-tab-title elementor-tab-desktop-title\" aria-selected=\"false\" data-tab=\"4\" role=\"tab\" tabindex=\"-1\" aria-controls=\"elementor-tab-content-2224\" aria-expanded=\"false\">Risk assessment<\/div>\n\t\t\t\t\t\t\t\t\t<div id=\"elementor-tab-title-2225\" class=\"elementor-tab-title elementor-tab-desktop-title\" aria-selected=\"false\" data-tab=\"5\" role=\"tab\" tabindex=\"-1\" aria-controls=\"elementor-tab-content-2225\" aria-expanded=\"false\">Idling<\/div>\n\t\t\t\t\t\t\t<\/div>\n\t\t\t<div class=\"elementor-tabs-content-wrapper\" role=\"tablist\" aria-orientation=\"vertical\">\n\t\t\t\t\t\t\t\t\t<div class=\"elementor-tab-title elementor-tab-mobile-title\" aria-selected=\"true\" data-tab=\"1\" role=\"tab\" tabindex=\"0\" aria-controls=\"elementor-tab-content-2221\" aria-expanded=\"false\">Waste management<\/div>\n\t\t\t\t\t<div id=\"elementor-tab-content-2221\" class=\"elementor-tab-content elementor-clearfix\" data-tab=\"1\" role=\"tabpanel\" aria-labelledby=\"elementor-tab-title-2221\" tabindex=\"0\" hidden=\"false\"><p><strong>Waste management<\/strong><\/p><p>The supplier is responsible for following the designated project-specific rules regarding waste management and source separation.<\/p><p>The supplier is also responsible for the disposal and removal of its own hazardous waste in accordance with the applicable waste regulations.<\/p><\/div>\n\t\t\t\t\t\t\t\t\t<div class=\"elementor-tab-title elementor-tab-mobile-title\" aria-selected=\"false\" data-tab=\"2\" role=\"tab\" tabindex=\"-1\" aria-controls=\"elementor-tab-content-2222\" aria-expanded=\"false\">Chemicals<\/div>\n\t\t\t\t\t<div id=\"elementor-tab-content-2222\" class=\"elementor-tab-content elementor-clearfix\" data-tab=\"2\" role=\"tabpanel\" aria-labelledby=\"elementor-tab-title-2222\" tabindex=\"0\" hidden=\"hidden\"><p><strong>Chemicals<\/strong><\/p><p>Chemicals must be stored safely, labelled with the product name and hazard symbol and listed in a chemical inventory.<\/p><p>Measures shall be taken to prevent harmful exposure and release.<\/p><p>Chemical and flammable product information and safety data sheets should be provided to site management.<\/p><\/div>\n\t\t\t\t\t\t\t\t\t<div class=\"elementor-tab-title elementor-tab-mobile-title\" aria-selected=\"false\" data-tab=\"3\" role=\"tab\" tabindex=\"-1\" aria-controls=\"elementor-tab-content-2223\" aria-expanded=\"false\">Reporting<\/div>\n\t\t\t\t\t<div id=\"elementor-tab-content-2223\" class=\"elementor-tab-content elementor-clearfix\" data-tab=\"3\" role=\"tabpanel\" aria-labelledby=\"elementor-tab-title-2223\" tabindex=\"0\" hidden=\"hidden\"><p><strong>Reporting<\/strong><\/p><p class=\"translation-block\">Environmental incidents should be reported as soon as possible in the <a href=\"https:\/\/app.iasystemet.se\" target=\"_blank\" rel=\"noopener\">IA-app<\/a>  if you have access to it.<\/p><p>Otherwise it must be reported to Norrbotten Bergteknik's management and the necessary measures taken to minimise the environmental damage.<\/p><\/div>\n\t\t\t\t\t\t\t\t\t<div class=\"elementor-tab-title elementor-tab-mobile-title\" aria-selected=\"false\" data-tab=\"4\" role=\"tab\" tabindex=\"-1\" aria-controls=\"elementor-tab-content-2224\" aria-expanded=\"false\">Risk assessment<\/div>\n\t\t\t\t\t<div id=\"elementor-tab-content-2224\" class=\"elementor-tab-content elementor-clearfix\" data-tab=\"4\" role=\"tabpanel\" aria-labelledby=\"elementor-tab-title-2224\" tabindex=\"0\" hidden=\"hidden\"><p><strong>Risk assessment<\/strong><\/p><p>As a supplier to us, we want you to identify your environmental risks and the measures you take to minimise the risk before the work starts.<\/p><p>The purpose of a risk assessment is to identify, analyse, evaluate and address risks in projects.<\/p><p>Examples of environmental risks include working near watercourses, the presence of soil contamination, housing in the vicinity of the workplace and dust risks.<\/p><\/div>\n\t\t\t\t\t\t\t\t\t<div class=\"elementor-tab-title elementor-tab-mobile-title\" aria-selected=\"false\" data-tab=\"5\" role=\"tab\" tabindex=\"-1\" aria-controls=\"elementor-tab-content-2225\" aria-expanded=\"false\">Idling<\/div>\n\t\t\t\t\t<div id=\"elementor-tab-content-2225\" class=\"elementor-tab-content elementor-clearfix\" data-tab=\"5\" role=\"tabpanel\" aria-labelledby=\"elementor-tab-title-2225\" tabindex=\"0\" hidden=\"hidden\"><p><strong>Idling<\/strong><\/p><p>Avoid idling as much as possible, especially when the car is cold as the exhaust gases are at their most toxic.<\/p><p>Many municipalities prohibit idling for more than one minute, so follow that recommendation.<\/p><\/div>\n\t\t\t\t\t\t\t<\/div>\n\t\t<\/div>\n\t\t\t\t\t\t<\/div>\n\t\t\t\t<\/div>\n\t\t\t\t\t<\/div>\n\t\t<\/div>\n\t\t\t\t\t<\/div>\n\t\t<\/section>\n\t\t\t\t<section data-particle_enable=\"false\" data-particle-mobile-disabled=\"false\" class=\"elementor-section elementor-top-section elementor-element elementor-element-75b2cdc elementor-section-boxed elementor-section-height-default elementor-section-height-default\" data-id=\"75b2cdc\" data-element_type=\"section\" data-e-type=\"section\">\n\t\t\t\t\t\t<div class=\"elementor-container elementor-column-gap-default\">\n\t\t\t\t\t<div class=\"elementor-column elementor-col-100 elementor-top-column elementor-element elementor-element-d6419b5\" data-id=\"d6419b5\" data-element_type=\"column\" data-e-type=\"column\">\n\t\t\t<div class=\"elementor-widget-wrap\">\n\t\t\t\t\t\t\t<\/div>\n\t\t<\/div>\n\t\t\t\t\t<\/div>\n\t\t<\/section>\n\t\t\t\t<\/div>","protected":false},"excerpt":{"rendered":"<p>Milj\u00f6 V\u00e5rt m\u00e5l \u00e4r att genom en minskad milj\u00f6p\u00e5verkan bidra till framtidens samh\u00e4lle. Vi str\u00e4var efter en st\u00e4ndig f\u00f6rb\u00e4ttring samt minskade CO2-utsl\u00e4pp. Genom medveten personal och ett n\u00e4ra samarbete med v\u00e5ra samarbetspartners vill vi jobba f\u00f6r en h\u00e5llbar framtid. D\u00e4rf\u00f6r \u00e4r v\u00e5rt m\u00e5l minskad milj\u00f6p\u00e5verkan. Avfallshantering Kemikalier Rapportering Riskbed\u00f6mning Tomg\u00e5ngsk\u00f6rning Avfallshantering Avfallshantering Leverant\u00f6ren ansvarar f\u00f6r [&hellip;]<\/p>\n","protected":false},"author":1,"featured_media":0,"parent":0,"menu_order":0,"comment_status":"closed","ping_status":"closed","template":"","meta":{"_acf_changed":false,"footnotes":""},"class_list":["post-3449","page","type-page","status-publish","hentry"],"acf":[],"yoast_head":"<!-- This site is optimized with the Yoast SEO plugin v27.4 - https:\/\/yoast.com\/product\/yoast-seo-wordpress\/ -->\n<title>Milj\u00f6 - Norrbottens Bergteknik<\/title>\n<meta name=\"robots\" content=\"index, follow, max-snippet:-1, max-image-preview:large, max-video-preview:-1\" \/>\n<link rel=\"canonical\" href=\"https:\/\/www.bergteknik.se\/en\/miljo\/\" \/>\n<meta property=\"og:locale\" content=\"en_GB\" \/>\n<meta property=\"og:type\" content=\"article\" \/>\n<meta property=\"og:title\" content=\"Milj\u00f6 - Norrbottens Bergteknik\" \/>\n<meta property=\"og:description\" content=\"Milj\u00f6 V\u00e5rt m\u00e5l \u00e4r att genom en minskad milj\u00f6p\u00e5verkan bidra till framtidens samh\u00e4lle. Vi str\u00e4var efter en st\u00e4ndig f\u00f6rb\u00e4ttring samt minskade CO2-utsl\u00e4pp. Genom medveten personal och ett n\u00e4ra samarbete med v\u00e5ra samarbetspartners vill vi jobba f\u00f6r en h\u00e5llbar framtid. D\u00e4rf\u00f6r \u00e4r v\u00e5rt m\u00e5l minskad milj\u00f6p\u00e5verkan. Avfallshantering Kemikalier Rapportering Riskbed\u00f6mning Tomg\u00e5ngsk\u00f6rning Avfallshantering Avfallshantering Leverant\u00f6ren ansvarar f\u00f6r [&hellip;]\" \/>\n<meta property=\"og:url\" content=\"https:\/\/www.bergteknik.se\/en\/miljo\/\" \/>\n<meta property=\"og:site_name\" content=\"Norrbottens Bergteknik\" \/>\n<meta property=\"article:modified_time\" content=\"2026-04-09T08:17:19+00:00\" \/>\n<meta property=\"og:image\" content=\"https:\/\/www.bergteknik.se\/wp-content\/uploads\/2021\/12\/DSC_7781_Magnus-Jonsson_Norrbottens-Bergteknik_Loftberget_1920px.jpg\" \/>\n\t<meta property=\"og:image:width\" content=\"1920\" \/>\n\t<meta property=\"og:image:height\" content=\"1280\" \/>\n\t<meta property=\"og:image:type\" content=\"image\/jpeg\" \/>\n<meta name=\"twitter:card\" content=\"summary_large_image\" \/>\n<meta name=\"twitter:label1\" content=\"Estimated reading time\" \/>\n\t<meta name=\"twitter:data1\" content=\"2 minutes\" \/>\n<script type=\"application\/ld+json\" class=\"yoast-schema-graph\">{\"@context\":\"https:\\\/\\\/schema.org\",\"@graph\":[{\"@type\":\"WebPage\",\"@id\":\"https:\\\/\\\/www.bergteknik.se\\\/miljo\\\/\",\"url\":\"https:\\\/\\\/www.bergteknik.se\\\/miljo\\\/\",\"name\":\"Milj\u00f6 - Norrbottens Bergteknik\",\"isPartOf\":{\"@id\":\"https:\\\/\\\/www.bergteknik.se\\\/#website\"},\"primaryImageOfPage\":{\"@id\":\"https:\\\/\\\/www.bergteknik.se\\\/miljo\\\/#primaryimage\"},\"image\":{\"@id\":\"https:\\\/\\\/www.bergteknik.se\\\/miljo\\\/#primaryimage\"},\"thumbnailUrl\":\"https:\\\/\\\/www.bergteknik.se\\\/wp-content\\\/uploads\\\/2021\\\/12\\\/DSC_7781_Magnus-Jonsson_Norrbottens-Bergteknik_Loftberget_1920px-1024x683.jpg\",\"datePublished\":\"2022-03-17T15:38:03+00:00\",\"dateModified\":\"2026-04-09T08:17:19+00:00\",\"breadcrumb\":{\"@id\":\"https:\\\/\\\/www.bergteknik.se\\\/miljo\\\/#breadcrumb\"},\"inLanguage\":\"en-GB\",\"potentialAction\":[{\"@type\":\"ReadAction\",\"target\":[\"https:\\\/\\\/www.bergteknik.se\\\/miljo\\\/\"]}]},{\"@type\":\"ImageObject\",\"inLanguage\":\"en-GB\",\"@id\":\"https:\\\/\\\/www.bergteknik.se\\\/miljo\\\/#primaryimage\",\"url\":\"https:\\\/\\\/www.bergteknik.se\\\/wp-content\\\/uploads\\\/2021\\\/12\\\/DSC_7781_Magnus-Jonsson_Norrbottens-Bergteknik_Loftberget_1920px-1024x683.jpg\",\"contentUrl\":\"https:\\\/\\\/www.bergteknik.se\\\/wp-content\\\/uploads\\\/2021\\\/12\\\/DSC_7781_Magnus-Jonsson_Norrbottens-Bergteknik_Loftberget_1920px-1024x683.jpg\"},{\"@type\":\"BreadcrumbList\",\"@id\":\"https:\\\/\\\/www.bergteknik.se\\\/miljo\\\/#breadcrumb\",\"itemListElement\":[{\"@type\":\"ListItem\",\"position\":1,\"name\":\"Hem\",\"item\":\"https:\\\/\\\/www.bergteknik.se\\\/\"},{\"@type\":\"ListItem\",\"position\":2,\"name\":\"Milj\u00f6\"}]},{\"@type\":\"WebSite\",\"@id\":\"https:\\\/\\\/www.bergteknik.se\\\/#website\",\"url\":\"https:\\\/\\\/www.bergteknik.se\\\/\",\"name\":\"Norrbottens Bergteknik\",\"description\":\"Ledande inom berghantering, borrning och spr\u00e4ngning\",\"publisher\":{\"@id\":\"https:\\\/\\\/www.bergteknik.se\\\/#organization\"},\"potentialAction\":[{\"@type\":\"SearchAction\",\"target\":{\"@type\":\"EntryPoint\",\"urlTemplate\":\"https:\\\/\\\/www.bergteknik.se\\\/?s={search_term_string}\"},\"query-input\":{\"@type\":\"PropertyValueSpecification\",\"valueRequired\":true,\"valueName\":\"search_term_string\"}}],\"inLanguage\":\"en-GB\"},{\"@type\":\"Organization\",\"@id\":\"https:\\\/\\\/www.bergteknik.se\\\/#organization\",\"name\":\"Norrbottens Bergteknik\",\"url\":\"https:\\\/\\\/www.bergteknik.se\\\/\",\"logo\":{\"@type\":\"ImageObject\",\"inLanguage\":\"en-GB\",\"@id\":\"https:\\\/\\\/www.bergteknik.se\\\/#\\\/schema\\\/logo\\\/image\\\/\",\"url\":\"https:\\\/\\\/www.bergteknik.se\\\/wp-content\\\/uploads\\\/2021\\\/12\\\/cropped-NBT_Logo_C_Bla_H100px.png\",\"contentUrl\":\"https:\\\/\\\/www.bergteknik.se\\\/wp-content\\\/uploads\\\/2021\\\/12\\\/cropped-NBT_Logo_C_Bla_H100px.png\",\"width\":536,\"height\":150,\"caption\":\"Norrbottens Bergteknik\"},\"image\":{\"@id\":\"https:\\\/\\\/www.bergteknik.se\\\/#\\\/schema\\\/logo\\\/image\\\/\"}}]}<\/script>\n<!-- \/ Yoast SEO plugin. -->","yoast_head_json":{"title":"Environment - Norrbottens Bergteknik","robots":{"index":"index","follow":"follow","max-snippet":"max-snippet:-1","max-image-preview":"max-image-preview:large","max-video-preview":"max-video-preview:-1"},"canonical":"https:\/\/www.bergteknik.se\/en\/miljo\/","og_locale":"en_GB","og_type":"article","og_title":"Milj\u00f6 - Norrbottens Bergteknik","og_description":"Milj\u00f6 V\u00e5rt m\u00e5l \u00e4r att genom en minskad milj\u00f6p\u00e5verkan bidra till framtidens samh\u00e4lle. Vi str\u00e4var efter en st\u00e4ndig f\u00f6rb\u00e4ttring samt minskade CO2-utsl\u00e4pp. Genom medveten personal och ett n\u00e4ra samarbete med v\u00e5ra samarbetspartners vill vi jobba f\u00f6r en h\u00e5llbar framtid. D\u00e4rf\u00f6r \u00e4r v\u00e5rt m\u00e5l minskad milj\u00f6p\u00e5verkan. Avfallshantering Kemikalier Rapportering Riskbed\u00f6mning Tomg\u00e5ngsk\u00f6rning Avfallshantering Avfallshantering Leverant\u00f6ren ansvarar f\u00f6r [&hellip;]","og_url":"https:\/\/www.bergteknik.se\/en\/miljo\/","og_site_name":"Norrbottens Bergteknik","article_modified_time":"2026-04-09T08:17:19+00:00","og_image":[{"width":1920,"height":1280,"url":"https:\/\/www.bergteknik.se\/wp-content\/uploads\/2021\/12\/DSC_7781_Magnus-Jonsson_Norrbottens-Bergteknik_Loftberget_1920px.jpg","type":"image\/jpeg"}],"twitter_card":"summary_large_image","twitter_misc":{"Estimated reading time":"2 minutes"},"schema":{"@context":"https:\/\/schema.org","@graph":[{"@type":"WebPage","@id":"https:\/\/www.bergteknik.se\/miljo\/","url":"https:\/\/www.bergteknik.se\/miljo\/","name":"Environment - Norrbottens Bergteknik","isPartOf":{"@id":"https:\/\/www.bergteknik.se\/#website"},"primaryImageOfPage":{"@id":"https:\/\/www.bergteknik.se\/miljo\/#primaryimage"},"image":{"@id":"https:\/\/www.bergteknik.se\/miljo\/#primaryimage"},"thumbnailUrl":"https:\/\/www.bergteknik.se\/wp-content\/uploads\/2021\/12\/DSC_7781_Magnus-Jonsson_Norrbottens-Bergteknik_Loftberget_1920px-1024x683.jpg","datePublished":"2022-03-17T15:38:03+00:00","dateModified":"2026-04-09T08:17:19+00:00","breadcrumb":{"@id":"https:\/\/www.bergteknik.se\/miljo\/#breadcrumb"},"inLanguage":"en-GB","potentialAction":[{"@type":"ReadAction","target":["https:\/\/www.bergteknik.se\/miljo\/"]}]},{"@type":"ImageObject","inLanguage":"en-GB","@id":"https:\/\/www.bergteknik.se\/miljo\/#primaryimage","url":"https:\/\/www.bergteknik.se\/wp-content\/uploads\/2021\/12\/DSC_7781_Magnus-Jonsson_Norrbottens-Bergteknik_Loftberget_1920px-1024x683.jpg","contentUrl":"https:\/\/www.bergteknik.se\/wp-content\/uploads\/2021\/12\/DSC_7781_Magnus-Jonsson_Norrbottens-Bergteknik_Loftberget_1920px-1024x683.jpg"},{"@type":"BreadcrumbList","@id":"https:\/\/www.bergteknik.se\/miljo\/#breadcrumb","itemListElement":[{"@type":"ListItem","position":1,"name":"Hem","item":"https:\/\/www.bergteknik.se\/"},{"@type":"ListItem","position":2,"name":"Milj\u00f6"}]},{"@type":"WebSite","@id":"https:\/\/www.bergteknik.se\/#website","url":"https:\/\/www.bergteknik.se\/","name":"Norrbottens Bergteknik","description":"Leader in rock handling, drilling and rock excavation","publisher":{"@id":"https:\/\/www.bergteknik.se\/#organization"},"potentialAction":[{"@type":"SearchAction","target":{"@type":"EntryPoint","urlTemplate":"https:\/\/www.bergteknik.se\/?s={search_term_string}"},"query-input":{"@type":"PropertyValueSpecification","valueRequired":true,"valueName":"search_term_string"}}],"inLanguage":"en-GB"},{"@type":"Organization","@id":"https:\/\/www.bergteknik.se\/#organization","name":"Norrbottens Bergteknik","url":"https:\/\/www.bergteknik.se\/","logo":{"@type":"ImageObject","inLanguage":"en-GB","@id":"https:\/\/www.bergteknik.se\/#\/schema\/logo\/image\/","url":"https:\/\/www.bergteknik.se\/wp-content\/uploads\/2021\/12\/cropped-NBT_Logo_C_Bla_H100px.png","contentUrl":"https:\/\/www.bergteknik.se\/wp-content\/uploads\/2021\/12\/cropped-NBT_Logo_C_Bla_H100px.png","width":536,"height":150,"caption":"Norrbottens Bergteknik"},"image":{"@id":"https:\/\/www.bergteknik.se\/#\/schema\/logo\/image\/"}}]}},"_links":{"self":[{"href":"https:\/\/www.bergteknik.se\/en\/wp-json\/wp\/v2\/pages\/3449","targetHints":{"allow":["GET"]}}],"collection":[{"href":"https:\/\/www.bergteknik.se\/en\/wp-json\/wp\/v2\/pages"}],"about":[{"href":"https:\/\/www.bergteknik.se\/en\/wp-json\/wp\/v2\/types\/page"}],"author":[{"embeddable":true,"href":"https:\/\/www.bergteknik.se\/en\/wp-json\/wp\/v2\/users\/1"}],"replies":[{"embeddable":true,"href":"https:\/\/www.bergteknik.se\/en\/wp-json\/wp\/v2\/comments?post=3449"}],"version-history":[{"count":31,"href":"https:\/\/www.bergteknik.se\/en\/wp-json\/wp\/v2\/pages\/3449\/revisions"}],"predecessor-version":[{"id":5134,"href":"https:\/\/www.bergteknik.se\/en\/wp-json\/wp\/v2\/pages\/3449\/revisions\/5134"}],"wp:attachment":[{"href":"https:\/\/www.bergteknik.se\/en\/wp-json\/wp\/v2\/media?parent=3449"}],"curies":[{"name":"wp","href":"https:\/\/api.w.org\/{rel}","templated":true}]}}