{"id":3457,"date":"2022-03-17T15:49:19","date_gmt":"2022-03-17T15:49:19","guid":{"rendered":"https:\/\/www.bergteknik.se\/?page_id=3457"},"modified":"2025-08-15T13:30:52","modified_gmt":"2025-08-15T13:30:52","slug":"eu2021","status":"publish","type":"page","link":"https:\/\/www.bergteknik.se\/en\/ue2021\/","title":{"rendered":"UE 2021"},"content":{"rendered":"<div data-elementor-type=\"wp-page\" data-elementor-id=\"3457\" class=\"elementor elementor-3457\" data-elementor-post-type=\"page\">\n\t\t\t\t\t\t<section data-particle_enable=\"false\" data-particle-mobile-disabled=\"false\" class=\"elementor-section elementor-top-section elementor-element elementor-element-9b1a042 elementor-section-boxed elementor-section-height-default elementor-section-height-default\" data-id=\"9b1a042\" data-element_type=\"section\" data-e-type=\"section\">\n\t\t\t\t\t\t<div class=\"elementor-container elementor-column-gap-default\">\n\t\t\t\t\t<div class=\"elementor-column elementor-col-100 elementor-top-column elementor-element elementor-element-ca0ebbf\" data-id=\"ca0ebbf\" data-element_type=\"column\" data-e-type=\"column\">\n\t\t\t<div class=\"elementor-widget-wrap\">\n\t\t\t\t\t\t\t<\/div>\n\t\t<\/div>\n\t\t\t\t\t<\/div>\n\t\t<\/section>\n\t\t\t\t<section data-particle_enable=\"false\" data-particle-mobile-disabled=\"false\" class=\"elementor-section elementor-top-section elementor-element elementor-element-14de2b2 elementor-section-boxed elementor-section-height-default elementor-section-height-default\" data-id=\"14de2b2\" data-element_type=\"section\" data-e-type=\"section\">\n\t\t\t\t\t\t<div class=\"elementor-container elementor-column-gap-default\">\n\t\t\t\t\t<div class=\"elementor-column elementor-col-50 elementor-top-column elementor-element elementor-element-3509f3a\" data-id=\"3509f3a\" data-element_type=\"column\" data-e-type=\"column\">\n\t\t\t<div class=\"elementor-widget-wrap elementor-element-populated\">\n\t\t\t\t\t\t<div class=\"elementor-element elementor-element-dc81917 elementor-nav-menu--dropdown-tablet elementor-nav-menu__text-align-aside elementor-nav-menu--toggle elementor-nav-menu--burger elementor-widget elementor-widget-nav-menu\" data-id=\"dc81917\" data-element_type=\"widget\" data-e-type=\"widget\" data-settings=\"{&quot;layout&quot;:&quot;vertical&quot;,&quot;submenu_icon&quot;:{&quot;value&quot;:&quot;&lt;i class=\\&quot;fas fa-caret-down\\&quot; aria-hidden=\\&quot;true\\&quot;&gt;&lt;\\\/i&gt;&quot;,&quot;library&quot;:&quot;fa-solid&quot;},&quot;toggle&quot;:&quot;burger&quot;}\" data-widget_type=\"nav-menu.default\">\n\t\t\t\t<div class=\"elementor-widget-container\">\n\t\t\t\t\t\t\t\t<nav aria-label=\"Menu\" class=\"elementor-nav-menu--main elementor-nav-menu__container elementor-nav-menu--layout-vertical e--pointer-underline e--animation-fade\">\n\t\t\t\t<ul id=\"menu-1-dc81917\" class=\"elementor-nav-menu sm-vertical\"><li class=\"menu-item menu-item-type-post_type menu-item-object-page menu-item-3386\"><a href=\"https:\/\/www.bergteknik.se\/en\/leverantorsportal-start\/\" class=\"elementor-item\">The Supplier Portal<\/a><\/li>\n<li class=\"menu-item menu-item-type-post_type menu-item-object-page menu-item-3398\"><a href=\"https:\/\/www.bergteknik.se\/en\/arbetsmiljo\/\" class=\"elementor-item\">Working environment<\/a><\/li>\n<li class=\"menu-item menu-item-type-post_type menu-item-object-page menu-item-3388\"><a target=\"_blank\" href=\"https:\/\/www.bergteknik.se\/en\/fakturering\/\" class=\"elementor-item\">Invoicing <i class=\"fa-light fa-up-right-from-square\"><\/i><\/a><\/li>\n<li class=\"menu-item menu-item-type-post_type menu-item-object-page menu-item-3456\"><a target=\"_blank\" href=\"https:\/\/www.bergteknik.se\/en\/kontaktpersoner\/\" class=\"elementor-item\">Contact persons <i class=\"fa-light fa-up-right-from-square\"><\/i><\/a><\/li>\n<li class=\"menu-item menu-item-type-post_type menu-item-object-page menu-item-3454\"><a href=\"https:\/\/www.bergteknik.se\/en\/miljo\/\" class=\"elementor-item\">Environment<\/a><\/li>\n<li class=\"menu-item menu-item-type-post_type menu-item-object-page menu-item-3462\"><a href=\"https:\/\/www.bergteknik.se\/en\/ue2021\/\" class=\"elementor-item\">UE 2021<\/a><\/li>\n<li class=\"menu-item menu-item-type-post_type menu-item-object-page menu-item-3572\"><a href=\"https:\/\/www.bergteknik.se\/en\/policies\/\" class=\"elementor-item\">Policies<\/a><\/li>\n<li class=\"menu-item menu-item-type-post_type menu-item-object-page menu-item-3387\"><a target=\"_blank\" href=\"https:\/\/www.bergteknik.se\/en\/visselblasare\/\" class=\"elementor-item\">Whistleblowing<\/a><\/li>\n<\/ul>\t\t\t<\/nav>\n\t\t\t\t\t<div class=\"elementor-menu-toggle\" role=\"button\" tabindex=\"0\" aria-label=\"Menu Toggle\" aria-expanded=\"false\">\n\t\t\t<i aria-hidden=\"true\" role=\"presentation\" class=\"elementor-menu-toggle__icon--open eicon-menu-bar\"><\/i><i aria-hidden=\"true\" role=\"presentation\" class=\"elementor-menu-toggle__icon--close eicon-close\"><\/i>\t\t<\/div>\n\t\t\t\t\t<nav class=\"elementor-nav-menu--dropdown elementor-nav-menu__container\" aria-hidden=\"true\">\n\t\t\t\t<ul id=\"menu-2-dc81917\" class=\"elementor-nav-menu sm-vertical\"><li class=\"menu-item menu-item-type-post_type menu-item-object-page menu-item-3386\"><a href=\"https:\/\/www.bergteknik.se\/en\/leverantorsportal-start\/\" class=\"elementor-item\" tabindex=\"-1\">The Supplier Portal<\/a><\/li>\n<li class=\"menu-item menu-item-type-post_type menu-item-object-page menu-item-3398\"><a href=\"https:\/\/www.bergteknik.se\/en\/arbetsmiljo\/\" class=\"elementor-item\" tabindex=\"-1\">Working environment<\/a><\/li>\n<li class=\"menu-item menu-item-type-post_type menu-item-object-page menu-item-3388\"><a target=\"_blank\" href=\"https:\/\/www.bergteknik.se\/en\/fakturering\/\" class=\"elementor-item\" tabindex=\"-1\">Invoicing <i class=\"fa-light fa-up-right-from-square\"><\/i><\/a><\/li>\n<li class=\"menu-item menu-item-type-post_type menu-item-object-page menu-item-3456\"><a target=\"_blank\" href=\"https:\/\/www.bergteknik.se\/en\/kontaktpersoner\/\" class=\"elementor-item\" tabindex=\"-1\">Contact persons <i class=\"fa-light fa-up-right-from-square\"><\/i><\/a><\/li>\n<li class=\"menu-item menu-item-type-post_type menu-item-object-page menu-item-3454\"><a href=\"https:\/\/www.bergteknik.se\/en\/miljo\/\" class=\"elementor-item\" tabindex=\"-1\">Environment<\/a><\/li>\n<li class=\"menu-item menu-item-type-post_type menu-item-object-page menu-item-3462\"><a href=\"https:\/\/www.bergteknik.se\/en\/ue2021\/\" class=\"elementor-item\" tabindex=\"-1\">UE 2021<\/a><\/li>\n<li class=\"menu-item menu-item-type-post_type menu-item-object-page menu-item-3572\"><a href=\"https:\/\/www.bergteknik.se\/en\/policies\/\" class=\"elementor-item\" tabindex=\"-1\">Policies<\/a><\/li>\n<li class=\"menu-item menu-item-type-post_type menu-item-object-page menu-item-3387\"><a target=\"_blank\" href=\"https:\/\/www.bergteknik.se\/en\/visselblasare\/\" class=\"elementor-item\" tabindex=\"-1\">Whistleblowing<\/a><\/li>\n<\/ul>\t\t\t<\/nav>\n\t\t\t\t\t\t<\/div>\n\t\t\t\t<\/div>\n\t\t\t\t\t<\/div>\n\t\t<\/div>\n\t\t\t\t<div class=\"elementor-column elementor-col-50 elementor-top-column elementor-element elementor-element-5db4a89\" data-id=\"5db4a89\" data-element_type=\"column\" data-e-type=\"column\">\n\t\t\t<div class=\"elementor-widget-wrap elementor-element-populated\">\n\t\t\t\t\t\t<div class=\"elementor-element elementor-element-bfb4d75 elementor-widget elementor-widget-heading\" data-id=\"bfb4d75\" data-element_type=\"widget\" data-e-type=\"widget\" data-widget_type=\"heading.default\">\n\t\t\t\t<div class=\"elementor-widget-container\">\n\t\t\t\t\t<h1 class=\"elementor-heading-title elementor-size-default\">UE 2021<\/h1>\t\t\t\t<\/div>\n\t\t\t\t<\/div>\n\t\t\t\t<div class=\"elementor-element elementor-element-773097f elementor-widget elementor-widget-image\" data-id=\"773097f\" data-element_type=\"widget\" data-e-type=\"widget\" data-widget_type=\"image.default\">\n\t\t\t\t<div class=\"elementor-widget-container\">\n\t\t\t\t\t\t\t\t\t\t\t\t\t\t\t<img fetchpriority=\"high\" decoding=\"async\" width=\"800\" height=\"533\" src=\"https:\/\/www.bergteknik.se\/wp-content\/uploads\/2021\/12\/DSC_7839_Magnus-Jonsson_Norrbottens-Bergteknik_Loftberget_2000px-1024x682.jpg\" class=\"attachment-large size-large wp-image-2921\" alt=\"\" srcset=\"https:\/\/www.bergteknik.se\/wp-content\/uploads\/2021\/12\/DSC_7839_Magnus-Jonsson_Norrbottens-Bergteknik_Loftberget_2000px-1024x682.jpg 1024w, https:\/\/www.bergteknik.se\/wp-content\/uploads\/2021\/12\/DSC_7839_Magnus-Jonsson_Norrbottens-Bergteknik_Loftberget_2000px-300x200.jpg 300w, https:\/\/www.bergteknik.se\/wp-content\/uploads\/2021\/12\/DSC_7839_Magnus-Jonsson_Norrbottens-Bergteknik_Loftberget_2000px-768x512.jpg 768w, https:\/\/www.bergteknik.se\/wp-content\/uploads\/2021\/12\/DSC_7839_Magnus-Jonsson_Norrbottens-Bergteknik_Loftberget_2000px-1536x1024.jpg 1536w, https:\/\/www.bergteknik.se\/wp-content\/uploads\/2021\/12\/DSC_7839_Magnus-Jonsson_Norrbottens-Bergteknik_Loftberget_2000px-360x240.jpg 360w, https:\/\/www.bergteknik.se\/wp-content\/uploads\/2021\/12\/DSC_7839_Magnus-Jonsson_Norrbottens-Bergteknik_Loftberget_2000px.jpg 2000w\" sizes=\"(max-width: 800px) 100vw, 800px\" \/>\t\t\t\t\t\t\t\t\t\t\t\t\t\t\t<\/div>\n\t\t\t\t<\/div>\n\t\t\t\t<div class=\"elementor-element elementor-element-1804a9e elementor-widget elementor-widget-heading\" data-id=\"1804a9e\" data-element_type=\"widget\" data-e-type=\"widget\" data-widget_type=\"heading.default\">\n\t\t\t\t<div class=\"elementor-widget-container\">\n\t\t\t\t\t<h4 class=\"elementor-heading-title elementor-size-default\">To act as a subcontractor to Norrbottens Bergteknik, the regulations according to UE 2021 must be followed.<\/h4>\t\t\t\t<\/div>\n\t\t\t\t<\/div>\n\t\t\t\t<div class=\"elementor-element elementor-element-45296b3 elementor-widget elementor-widget-text-editor\" data-id=\"45296b3\" data-element_type=\"widget\" data-e-type=\"widget\" data-widget_type=\"text-editor.default\">\n\t\t\t\t<div class=\"elementor-widget-container\">\n\t\t\t\t\t\t\t\t\t<p>If you are a supplier with us, you need to fill in the form for UE2021 for the first time and attach the requested documents. You then send this by e-mail to the business administrator Lena Berglund who will notify SEKO.<\/p><p>If you have any questions, you are welcome to contact Lena. Contact details can be found further down the page.<\/p><p><strong>NOTE! The form and related documents must be completed and submitted before the work starts.<\/strong><\/p><p><strong>Document: <a href=\"https:\/\/www.bergteknik.se\/wp-content\/uploads\/2022\/03\/UE2021-blankett.pdf\" target=\"_blank\" rel=\"noopener\">Form UE2021<\/a> <\/strong>(PDF file, opens in new window)<\/p><p><strong>Kontaktuppgifter, Lena Nilsson:<\/strong><\/p><p>e-post: lena.nilsson@bergteknik.se<\/p><p>tel: 070-515 95 88<\/p>\t\t\t\t\t\t\t\t<\/div>\n\t\t\t\t<\/div>\n\t\t\t\t\t<\/div>\n\t\t<\/div>\n\t\t\t\t\t<\/div>\n\t\t<\/section>\n\t\t\t\t<\/div>","protected":false},"excerpt":{"rendered":"<p>UE 2021 F\u00f6r att verka som en underentrepren\u00f6r till Norrbottens Bergteknik ska f\u00f6reskrifterna enligt UE 2021 f\u00f6ljas. Om du \u00e4r leverant\u00f6r hos oss beh\u00f6ver du f\u00f6r f\u00f6rsta g\u00e5ngen fylla i blanketten f\u00f6r UE2021 samt bifoga de dokument som efterfr\u00e5gas.\u00a0Detta \u00a0skickar du sedan med e-post till verksamhetsadministrat\u00f6r Lena Berglund som anm\u00e4ler det vidare till SEKO. Har [&hellip;]<\/p>\n","protected":false},"author":1,"featured_media":0,"parent":0,"menu_order":0,"comment_status":"closed","ping_status":"closed","template":"","meta":{"_acf_changed":false,"footnotes":""},"class_list":["post-3457","page","type-page","status-publish","hentry"],"acf":[],"yoast_head":"<!-- This site is optimized with the Yoast SEO plugin v27.4 - https:\/\/yoast.com\/product\/yoast-seo-wordpress\/ -->\n<title>UE 2021 - Norrbottens Bergteknik<\/title>\n<meta name=\"robots\" content=\"index, follow, max-snippet:-1, max-image-preview:large, max-video-preview:-1\" \/>\n<link rel=\"canonical\" href=\"https:\/\/www.bergteknik.se\/en\/eu2021\/\" \/>\n<meta property=\"og:locale\" content=\"en_GB\" \/>\n<meta property=\"og:type\" content=\"article\" \/>\n<meta property=\"og:title\" content=\"UE 2021 - Norrbottens Bergteknik\" \/>\n<meta property=\"og:description\" content=\"UE 2021 F\u00f6r att verka som en underentrepren\u00f6r till Norrbottens Bergteknik ska f\u00f6reskrifterna enligt UE 2021 f\u00f6ljas. Om du \u00e4r leverant\u00f6r hos oss beh\u00f6ver du f\u00f6r f\u00f6rsta g\u00e5ngen fylla i blanketten f\u00f6r UE2021 samt bifoga de dokument som efterfr\u00e5gas.\u00a0Detta \u00a0skickar du sedan med e-post till verksamhetsadministrat\u00f6r Lena Berglund som anm\u00e4ler det vidare till SEKO. Har [&hellip;]\" \/>\n<meta property=\"og:url\" content=\"https:\/\/www.bergteknik.se\/en\/eu2021\/\" \/>\n<meta property=\"og:site_name\" content=\"Norrbottens Bergteknik\" \/>\n<meta property=\"article:modified_time\" content=\"2025-08-15T13:30:52+00:00\" \/>\n<meta property=\"og:image\" content=\"https:\/\/www.bergteknik.se\/wp-content\/uploads\/2021\/12\/DSC_7839_Magnus-Jonsson_Norrbottens-Bergteknik_Loftberget_2000px-1024x682.jpg\" \/>\n<meta name=\"twitter:card\" content=\"summary_large_image\" \/>\n<meta name=\"twitter:label1\" content=\"Estimated reading time\" \/>\n\t<meta name=\"twitter:data1\" content=\"1 minute\" \/>\n<script type=\"application\/ld+json\" class=\"yoast-schema-graph\">{\"@context\":\"https:\\\/\\\/schema.org\",\"@graph\":[{\"@type\":\"WebPage\",\"@id\":\"https:\\\/\\\/www.bergteknik.se\\\/ue2021\\\/\",\"url\":\"https:\\\/\\\/www.bergteknik.se\\\/ue2021\\\/\",\"name\":\"UE 2021 - Norrbottens Bergteknik\",\"isPartOf\":{\"@id\":\"https:\\\/\\\/www.bergteknik.se\\\/#website\"},\"primaryImageOfPage\":{\"@id\":\"https:\\\/\\\/www.bergteknik.se\\\/ue2021\\\/#primaryimage\"},\"image\":{\"@id\":\"https:\\\/\\\/www.bergteknik.se\\\/ue2021\\\/#primaryimage\"},\"thumbnailUrl\":\"https:\\\/\\\/www.bergteknik.se\\\/wp-content\\\/uploads\\\/2021\\\/12\\\/DSC_7839_Magnus-Jonsson_Norrbottens-Bergteknik_Loftberget_2000px-1024x682.jpg\",\"datePublished\":\"2022-03-17T15:49:19+00:00\",\"dateModified\":\"2025-08-15T13:30:52+00:00\",\"breadcrumb\":{\"@id\":\"https:\\\/\\\/www.bergteknik.se\\\/ue2021\\\/#breadcrumb\"},\"inLanguage\":\"en-GB\",\"potentialAction\":[{\"@type\":\"ReadAction\",\"target\":[\"https:\\\/\\\/www.bergteknik.se\\\/ue2021\\\/\"]}]},{\"@type\":\"ImageObject\",\"inLanguage\":\"en-GB\",\"@id\":\"https:\\\/\\\/www.bergteknik.se\\\/ue2021\\\/#primaryimage\",\"url\":\"https:\\\/\\\/www.bergteknik.se\\\/wp-content\\\/uploads\\\/2021\\\/12\\\/DSC_7839_Magnus-Jonsson_Norrbottens-Bergteknik_Loftberget_2000px-1024x682.jpg\",\"contentUrl\":\"https:\\\/\\\/www.bergteknik.se\\\/wp-content\\\/uploads\\\/2021\\\/12\\\/DSC_7839_Magnus-Jonsson_Norrbottens-Bergteknik_Loftberget_2000px-1024x682.jpg\"},{\"@type\":\"BreadcrumbList\",\"@id\":\"https:\\\/\\\/www.bergteknik.se\\\/ue2021\\\/#breadcrumb\",\"itemListElement\":[{\"@type\":\"ListItem\",\"position\":1,\"name\":\"Hem\",\"item\":\"https:\\\/\\\/www.bergteknik.se\\\/\"},{\"@type\":\"ListItem\",\"position\":2,\"name\":\"UE 2021\"}]},{\"@type\":\"WebSite\",\"@id\":\"https:\\\/\\\/www.bergteknik.se\\\/#website\",\"url\":\"https:\\\/\\\/www.bergteknik.se\\\/\",\"name\":\"Norrbottens Bergteknik\",\"description\":\"Ledande inom berghantering, borrning och spr\u00e4ngning\",\"publisher\":{\"@id\":\"https:\\\/\\\/www.bergteknik.se\\\/#organization\"},\"potentialAction\":[{\"@type\":\"SearchAction\",\"target\":{\"@type\":\"EntryPoint\",\"urlTemplate\":\"https:\\\/\\\/www.bergteknik.se\\\/?s={search_term_string}\"},\"query-input\":{\"@type\":\"PropertyValueSpecification\",\"valueRequired\":true,\"valueName\":\"search_term_string\"}}],\"inLanguage\":\"en-GB\"},{\"@type\":\"Organization\",\"@id\":\"https:\\\/\\\/www.bergteknik.se\\\/#organization\",\"name\":\"Norrbottens Bergteknik\",\"url\":\"https:\\\/\\\/www.bergteknik.se\\\/\",\"logo\":{\"@type\":\"ImageObject\",\"inLanguage\":\"en-GB\",\"@id\":\"https:\\\/\\\/www.bergteknik.se\\\/#\\\/schema\\\/logo\\\/image\\\/\",\"url\":\"https:\\\/\\\/www.bergteknik.se\\\/wp-content\\\/uploads\\\/2021\\\/12\\\/cropped-NBT_Logo_C_Bla_H100px.png\",\"contentUrl\":\"https:\\\/\\\/www.bergteknik.se\\\/wp-content\\\/uploads\\\/2021\\\/12\\\/cropped-NBT_Logo_C_Bla_H100px.png\",\"width\":536,\"height\":150,\"caption\":\"Norrbottens Bergteknik\"},\"image\":{\"@id\":\"https:\\\/\\\/www.bergteknik.se\\\/#\\\/schema\\\/logo\\\/image\\\/\"}}]}<\/script>\n<!-- \/ Yoast SEO plugin. -->","yoast_head_json":{"title":"UE 2021 - Norrbottens Bergteknik","robots":{"index":"index","follow":"follow","max-snippet":"max-snippet:-1","max-image-preview":"max-image-preview:large","max-video-preview":"max-video-preview:-1"},"canonical":"https:\/\/www.bergteknik.se\/en\/eu2021\/","og_locale":"en_GB","og_type":"article","og_title":"UE 2021 - Norrbottens Bergteknik","og_description":"UE 2021 F\u00f6r att verka som en underentrepren\u00f6r till Norrbottens Bergteknik ska f\u00f6reskrifterna enligt UE 2021 f\u00f6ljas. Om du \u00e4r leverant\u00f6r hos oss beh\u00f6ver du f\u00f6r f\u00f6rsta g\u00e5ngen fylla i blanketten f\u00f6r UE2021 samt bifoga de dokument som efterfr\u00e5gas.\u00a0Detta \u00a0skickar du sedan med e-post till verksamhetsadministrat\u00f6r Lena Berglund som anm\u00e4ler det vidare till SEKO. Har [&hellip;]","og_url":"https:\/\/www.bergteknik.se\/en\/eu2021\/","og_site_name":"Norrbottens Bergteknik","article_modified_time":"2025-08-15T13:30:52+00:00","og_image":[{"url":"https:\/\/www.bergteknik.se\/wp-content\/uploads\/2021\/12\/DSC_7839_Magnus-Jonsson_Norrbottens-Bergteknik_Loftberget_2000px-1024x682.jpg","type":"","width":"","height":""}],"twitter_card":"summary_large_image","twitter_misc":{"Estimated reading time":"1 minute"},"schema":{"@context":"https:\/\/schema.org","@graph":[{"@type":"WebPage","@id":"https:\/\/www.bergteknik.se\/ue2021\/","url":"https:\/\/www.bergteknik.se\/ue2021\/","name":"UE 2021 - Norrbottens Bergteknik","isPartOf":{"@id":"https:\/\/www.bergteknik.se\/#website"},"primaryImageOfPage":{"@id":"https:\/\/www.bergteknik.se\/ue2021\/#primaryimage"},"image":{"@id":"https:\/\/www.bergteknik.se\/ue2021\/#primaryimage"},"thumbnailUrl":"https:\/\/www.bergteknik.se\/wp-content\/uploads\/2021\/12\/DSC_7839_Magnus-Jonsson_Norrbottens-Bergteknik_Loftberget_2000px-1024x682.jpg","datePublished":"2022-03-17T15:49:19+00:00","dateModified":"2025-08-15T13:30:52+00:00","breadcrumb":{"@id":"https:\/\/www.bergteknik.se\/ue2021\/#breadcrumb"},"inLanguage":"en-GB","potentialAction":[{"@type":"ReadAction","target":["https:\/\/www.bergteknik.se\/ue2021\/"]}]},{"@type":"ImageObject","inLanguage":"en-GB","@id":"https:\/\/www.bergteknik.se\/ue2021\/#primaryimage","url":"https:\/\/www.bergteknik.se\/wp-content\/uploads\/2021\/12\/DSC_7839_Magnus-Jonsson_Norrbottens-Bergteknik_Loftberget_2000px-1024x682.jpg","contentUrl":"https:\/\/www.bergteknik.se\/wp-content\/uploads\/2021\/12\/DSC_7839_Magnus-Jonsson_Norrbottens-Bergteknik_Loftberget_2000px-1024x682.jpg"},{"@type":"BreadcrumbList","@id":"https:\/\/www.bergteknik.se\/ue2021\/#breadcrumb","itemListElement":[{"@type":"ListItem","position":1,"name":"Hem","item":"https:\/\/www.bergteknik.se\/"},{"@type":"ListItem","position":2,"name":"UE 2021"}]},{"@type":"WebSite","@id":"https:\/\/www.bergteknik.se\/#website","url":"https:\/\/www.bergteknik.se\/","name":"Norrbottens Bergteknik","description":"Leader in rock handling, drilling and rock excavation","publisher":{"@id":"https:\/\/www.bergteknik.se\/#organization"},"potentialAction":[{"@type":"SearchAction","target":{"@type":"EntryPoint","urlTemplate":"https:\/\/www.bergteknik.se\/?s={search_term_string}"},"query-input":{"@type":"PropertyValueSpecification","valueRequired":true,"valueName":"search_term_string"}}],"inLanguage":"en-GB"},{"@type":"Organization","@id":"https:\/\/www.bergteknik.se\/#organization","name":"Norrbottens Bergteknik","url":"https:\/\/www.bergteknik.se\/","logo":{"@type":"ImageObject","inLanguage":"en-GB","@id":"https:\/\/www.bergteknik.se\/#\/schema\/logo\/image\/","url":"https:\/\/www.bergteknik.se\/wp-content\/uploads\/2021\/12\/cropped-NBT_Logo_C_Bla_H100px.png","contentUrl":"https:\/\/www.bergteknik.se\/wp-content\/uploads\/2021\/12\/cropped-NBT_Logo_C_Bla_H100px.png","width":536,"height":150,"caption":"Norrbottens Bergteknik"},"image":{"@id":"https:\/\/www.bergteknik.se\/#\/schema\/logo\/image\/"}}]}},"_links":{"self":[{"href":"https:\/\/www.bergteknik.se\/en\/wp-json\/wp\/v2\/pages\/3457","targetHints":{"allow":["GET"]}}],"collection":[{"href":"https:\/\/www.bergteknik.se\/en\/wp-json\/wp\/v2\/pages"}],"about":[{"href":"https:\/\/www.bergteknik.se\/en\/wp-json\/wp\/v2\/types\/page"}],"author":[{"embeddable":true,"href":"https:\/\/www.bergteknik.se\/en\/wp-json\/wp\/v2\/users\/1"}],"replies":[{"embeddable":true,"href":"https:\/\/www.bergteknik.se\/en\/wp-json\/wp\/v2\/comments?post=3457"}],"version-history":[{"count":23,"href":"https:\/\/www.bergteknik.se\/en\/wp-json\/wp\/v2\/pages\/3457\/revisions"}],"predecessor-version":[{"id":4994,"href":"https:\/\/www.bergteknik.se\/en\/wp-json\/wp\/v2\/pages\/3457\/revisions\/4994"}],"wp:attachment":[{"href":"https:\/\/www.bergteknik.se\/en\/wp-json\/wp\/v2\/media?parent=3457"}],"curies":[{"name":"wp","href":"https:\/\/api.w.org\/{rel}","templated":true}]}}