{"id":3561,"date":"2022-04-04T07:22:02","date_gmt":"2022-04-04T07:22:02","guid":{"rendered":"https:\/\/www.bergteknik.se\/?page_id=3561"},"modified":"2025-05-26T07:23:47","modified_gmt":"2025-05-26T07:23:47","slug":"policies","status":"publish","type":"page","link":"https:\/\/www.bergteknik.se\/en\/policies\/","title":{"rendered":"Policies"},"content":{"rendered":"<div data-elementor-type=\"wp-page\" data-elementor-id=\"3561\" class=\"elementor elementor-3561\" data-elementor-post-type=\"page\">\n\t\t\t\t\t\t<section data-particle_enable=\"false\" data-particle-mobile-disabled=\"false\" class=\"elementor-section elementor-top-section elementor-element elementor-element-467607f elementor-section-boxed elementor-section-height-default elementor-section-height-default\" data-id=\"467607f\" data-element_type=\"section\" data-e-type=\"section\">\n\t\t\t\t\t\t<div class=\"elementor-container elementor-column-gap-default\">\n\t\t\t\t\t<div class=\"elementor-column elementor-col-100 elementor-top-column elementor-element elementor-element-e4ff909\" data-id=\"e4ff909\" data-element_type=\"column\" data-e-type=\"column\">\n\t\t\t<div class=\"elementor-widget-wrap\">\n\t\t\t\t\t\t\t<\/div>\n\t\t<\/div>\n\t\t\t\t\t<\/div>\n\t\t<\/section>\n\t\t\t\t<section data-particle_enable=\"false\" data-particle-mobile-disabled=\"false\" class=\"elementor-section elementor-top-section elementor-element elementor-element-cd304bd elementor-section-boxed elementor-section-height-default elementor-section-height-default\" data-id=\"cd304bd\" data-element_type=\"section\" data-e-type=\"section\">\n\t\t\t\t\t\t<div class=\"elementor-container elementor-column-gap-default\">\n\t\t\t\t\t<div class=\"elementor-column elementor-col-50 elementor-top-column elementor-element elementor-element-d9437d9\" data-id=\"d9437d9\" data-element_type=\"column\" data-e-type=\"column\">\n\t\t\t<div class=\"elementor-widget-wrap elementor-element-populated\">\n\t\t\t\t\t\t<div class=\"elementor-element elementor-element-9c56ef9 elementor-nav-menu--dropdown-tablet elementor-nav-menu__text-align-aside elementor-nav-menu--toggle elementor-nav-menu--burger elementor-widget elementor-widget-nav-menu\" data-id=\"9c56ef9\" data-element_type=\"widget\" data-e-type=\"widget\" data-settings=\"{&quot;layout&quot;:&quot;vertical&quot;,&quot;submenu_icon&quot;:{&quot;value&quot;:&quot;&lt;i class=\\&quot;fas fa-caret-down\\&quot; aria-hidden=\\&quot;true\\&quot;&gt;&lt;\\\/i&gt;&quot;,&quot;library&quot;:&quot;fa-solid&quot;},&quot;toggle&quot;:&quot;burger&quot;}\" data-widget_type=\"nav-menu.default\">\n\t\t\t\t<div class=\"elementor-widget-container\">\n\t\t\t\t\t\t\t\t<nav aria-label=\"Menu\" class=\"elementor-nav-menu--main elementor-nav-menu__container elementor-nav-menu--layout-vertical e--pointer-underline e--animation-fade\">\n\t\t\t\t<ul id=\"menu-1-9c56ef9\" class=\"elementor-nav-menu sm-vertical\"><li class=\"menu-item menu-item-type-post_type menu-item-object-page menu-item-3386\"><a href=\"https:\/\/www.bergteknik.se\/en\/leverantorsportal-start\/\" class=\"elementor-item\">The Supplier Portal<\/a><\/li>\n<li class=\"menu-item menu-item-type-post_type menu-item-object-page menu-item-3398\"><a href=\"https:\/\/www.bergteknik.se\/en\/arbetsmiljo\/\" class=\"elementor-item\">Working environment<\/a><\/li>\n<li class=\"menu-item menu-item-type-post_type menu-item-object-page menu-item-3388\"><a target=\"_blank\" href=\"https:\/\/www.bergteknik.se\/en\/fakturering\/\" class=\"elementor-item\">Invoicing <i class=\"fa-light fa-up-right-from-square\"><\/i><\/a><\/li>\n<li class=\"menu-item menu-item-type-post_type menu-item-object-page menu-item-3456\"><a target=\"_blank\" href=\"https:\/\/www.bergteknik.se\/en\/kontaktpersoner\/\" class=\"elementor-item\">Contact persons <i class=\"fa-light fa-up-right-from-square\"><\/i><\/a><\/li>\n<li class=\"menu-item menu-item-type-post_type menu-item-object-page menu-item-3454\"><a href=\"https:\/\/www.bergteknik.se\/en\/miljo\/\" class=\"elementor-item\">Environment<\/a><\/li>\n<li class=\"menu-item menu-item-type-post_type menu-item-object-page menu-item-3462\"><a href=\"https:\/\/www.bergteknik.se\/en\/ue2021\/\" class=\"elementor-item\">UE 2021<\/a><\/li>\n<li class=\"menu-item menu-item-type-post_type menu-item-object-page menu-item-3572\"><a href=\"https:\/\/www.bergteknik.se\/en\/policies\/\" class=\"elementor-item\">Policies<\/a><\/li>\n<li class=\"menu-item menu-item-type-post_type menu-item-object-page menu-item-3387\"><a target=\"_blank\" href=\"https:\/\/www.bergteknik.se\/en\/visselblasare\/\" class=\"elementor-item\">Whistleblowing<\/a><\/li>\n<\/ul>\t\t\t<\/nav>\n\t\t\t\t\t<div class=\"elementor-menu-toggle\" role=\"button\" tabindex=\"0\" aria-label=\"Menu Toggle\" aria-expanded=\"false\">\n\t\t\t<i aria-hidden=\"true\" role=\"presentation\" class=\"elementor-menu-toggle__icon--open eicon-menu-bar\"><\/i><i aria-hidden=\"true\" role=\"presentation\" class=\"elementor-menu-toggle__icon--close eicon-close\"><\/i>\t\t<\/div>\n\t\t\t\t\t<nav class=\"elementor-nav-menu--dropdown elementor-nav-menu__container\" aria-hidden=\"true\">\n\t\t\t\t<ul id=\"menu-2-9c56ef9\" class=\"elementor-nav-menu sm-vertical\"><li class=\"menu-item menu-item-type-post_type menu-item-object-page menu-item-3386\"><a href=\"https:\/\/www.bergteknik.se\/en\/leverantorsportal-start\/\" class=\"elementor-item\" tabindex=\"-1\">The Supplier Portal<\/a><\/li>\n<li class=\"menu-item menu-item-type-post_type menu-item-object-page menu-item-3398\"><a href=\"https:\/\/www.bergteknik.se\/en\/arbetsmiljo\/\" class=\"elementor-item\" tabindex=\"-1\">Working environment<\/a><\/li>\n<li class=\"menu-item menu-item-type-post_type menu-item-object-page menu-item-3388\"><a target=\"_blank\" href=\"https:\/\/www.bergteknik.se\/en\/fakturering\/\" class=\"elementor-item\" tabindex=\"-1\">Invoicing <i class=\"fa-light fa-up-right-from-square\"><\/i><\/a><\/li>\n<li class=\"menu-item menu-item-type-post_type menu-item-object-page menu-item-3456\"><a target=\"_blank\" href=\"https:\/\/www.bergteknik.se\/en\/kontaktpersoner\/\" class=\"elementor-item\" tabindex=\"-1\">Contact persons <i class=\"fa-light fa-up-right-from-square\"><\/i><\/a><\/li>\n<li class=\"menu-item menu-item-type-post_type menu-item-object-page menu-item-3454\"><a href=\"https:\/\/www.bergteknik.se\/en\/miljo\/\" class=\"elementor-item\" tabindex=\"-1\">Environment<\/a><\/li>\n<li class=\"menu-item menu-item-type-post_type menu-item-object-page menu-item-3462\"><a href=\"https:\/\/www.bergteknik.se\/en\/ue2021\/\" class=\"elementor-item\" tabindex=\"-1\">UE 2021<\/a><\/li>\n<li class=\"menu-item menu-item-type-post_type menu-item-object-page menu-item-3572\"><a href=\"https:\/\/www.bergteknik.se\/en\/policies\/\" class=\"elementor-item\" tabindex=\"-1\">Policies<\/a><\/li>\n<li class=\"menu-item menu-item-type-post_type menu-item-object-page menu-item-3387\"><a target=\"_blank\" href=\"https:\/\/www.bergteknik.se\/en\/visselblasare\/\" class=\"elementor-item\" tabindex=\"-1\">Whistleblowing<\/a><\/li>\n<\/ul>\t\t\t<\/nav>\n\t\t\t\t\t\t<\/div>\n\t\t\t\t<\/div>\n\t\t\t\t\t<\/div>\n\t\t<\/div>\n\t\t\t\t<div class=\"elementor-column elementor-col-50 elementor-top-column elementor-element elementor-element-e52c36a\" data-id=\"e52c36a\" data-element_type=\"column\" data-e-type=\"column\">\n\t\t\t<div class=\"elementor-widget-wrap elementor-element-populated\">\n\t\t\t\t\t\t<div class=\"elementor-element elementor-element-0d43814 elementor-widget elementor-widget-heading\" data-id=\"0d43814\" data-element_type=\"widget\" data-e-type=\"widget\" data-widget_type=\"heading.default\">\n\t\t\t\t<div class=\"elementor-widget-container\">\n\t\t\t\t\t<h1 class=\"elementor-heading-title elementor-size-default\">Policies<\/h1>\t\t\t\t<\/div>\n\t\t\t\t<\/div>\n\t\t\t\t<div class=\"elementor-element elementor-element-5070eb0 elementor-widget elementor-widget-text-editor\" data-id=\"5070eb0\" data-element_type=\"widget\" data-e-type=\"widget\" data-widget_type=\"text-editor.default\">\n\t\t\t\t<div class=\"elementor-widget-container\">\n\t\t\t\t\t\t\t\t\t<p>Here you can find our health and safety policy, environmental policy and quality policy.<\/p>\t\t\t\t\t\t\t\t<\/div>\n\t\t\t\t<\/div>\n\t\t\t\t<section data-particle_enable=\"false\" data-particle-mobile-disabled=\"false\" class=\"elementor-section elementor-inner-section elementor-element elementor-element-aa8ee1a elementor-section-boxed elementor-section-height-default elementor-section-height-default\" data-id=\"aa8ee1a\" data-element_type=\"section\" data-e-type=\"section\">\n\t\t\t\t\t\t<div class=\"elementor-container elementor-column-gap-default\">\n\t\t\t\t\t<div class=\"elementor-column elementor-col-50 elementor-inner-column elementor-element elementor-element-b97daf4\" data-id=\"b97daf4\" data-element_type=\"column\" data-e-type=\"column\">\n\t\t\t<div class=\"elementor-widget-wrap elementor-element-populated\">\n\t\t\t\t\t\t<div class=\"elementor-element elementor-element-56277f46 elementor-view-default elementor-position-block-start elementor-mobile-position-block-start elementor-widget elementor-widget-icon-box\" data-id=\"56277f46\" data-element_type=\"widget\" data-e-type=\"widget\" data-widget_type=\"icon-box.default\">\n\t\t\t\t<div class=\"elementor-widget-container\">\n\t\t\t\t\t\t\t<div class=\"elementor-icon-box-wrapper\">\n\n\t\t\t\t\t\t<div class=\"elementor-icon-box-icon\">\n\t\t\t\t<a href=\"https:\/\/www.bergteknik.se\/wp-content\/uploads\/2022\/03\/Kort-Arbetsmiljopolicy-NP-sign.pdf\" target=\"_blank\" class=\"elementor-icon\" tabindex=\"-1\" aria-label=\"Health and safety policy\">\n\t\t\t\t<i aria-hidden=\"true\" class=\"far fa-file-pdf\"><\/i>\t\t\t\t<\/a>\n\t\t\t<\/div>\n\t\t\t\n\t\t\t\t\t\t<div class=\"elementor-icon-box-content\">\n\n\t\t\t\t\t\t\t\t\t<h3 class=\"elementor-icon-box-title\">\n\t\t\t\t\t\t<a href=\"https:\/\/www.bergteknik.se\/wp-content\/uploads\/2022\/03\/Kort-Arbetsmiljopolicy-NP-sign.pdf\" target=\"_blank\" >\n\t\t\t\t\t\t\tHealth and safety policy\t\t\t\t\t\t<\/a>\n\t\t\t\t\t<\/h3>\n\t\t\t\t\n\t\t\t\t\t\t\t\t\t<p class=\"elementor-icon-box-description\">\n\t\t\t\t\t\tThe goal of our work environment management is to create a work environment that is safe and secure for all employees physically, organisationally and socially.\t\t\t\t\t<\/p>\n\t\t\t\t\n\t\t\t<\/div>\n\t\t\t\n\t\t<\/div>\n\t\t\t\t\t\t<\/div>\n\t\t\t\t<\/div>\n\t\t\t\t\t<\/div>\n\t\t<\/div>\n\t\t\t\t<div class=\"elementor-column elementor-col-50 elementor-inner-column elementor-element elementor-element-8fca595\" data-id=\"8fca595\" data-element_type=\"column\" data-e-type=\"column\">\n\t\t\t<div class=\"elementor-widget-wrap elementor-element-populated\">\n\t\t\t\t\t\t<div class=\"elementor-element elementor-element-47ec00f elementor-view-default elementor-position-block-start elementor-mobile-position-block-start elementor-widget elementor-widget-icon-box\" data-id=\"47ec00f\" data-element_type=\"widget\" data-e-type=\"widget\" data-widget_type=\"icon-box.default\">\n\t\t\t\t<div class=\"elementor-widget-container\">\n\t\t\t\t\t\t\t<div class=\"elementor-icon-box-wrapper\">\n\n\t\t\t\t\t\t<div class=\"elementor-icon-box-icon\">\n\t\t\t\t<a href=\"https:\/\/www.bergteknik.se\/wp-content\/uploads\/2022\/03\/Kort-Kvalitetspolicy-NP-Sign.pdf\" target=\"_blank\" class=\"elementor-icon\" tabindex=\"-1\" aria-label=\"Quality policy\">\n\t\t\t\t<i aria-hidden=\"true\" class=\"far fa-file-pdf\"><\/i>\t\t\t\t<\/a>\n\t\t\t<\/div>\n\t\t\t\n\t\t\t\t\t\t<div class=\"elementor-icon-box-content\">\n\n\t\t\t\t\t\t\t\t\t<h3 class=\"elementor-icon-box-title\">\n\t\t\t\t\t\t<a href=\"https:\/\/www.bergteknik.se\/wp-content\/uploads\/2022\/03\/Kort-Kvalitetspolicy-NP-Sign.pdf\" target=\"_blank\" >\n\t\t\t\t\t\t\tQuality policy\t\t\t\t\t\t<\/a>\n\t\t\t\t\t<\/h3>\n\t\t\t\t\n\t\t\t\t\t\t\t\t\t<p class=\"elementor-icon-box-description\">\n\t\t\t\t\t\tThe aim of our quality work is to deliver services in accordance with customer requirements, needs and expectations. \t\t\t\t\t<\/p>\n\t\t\t\t\n\t\t\t<\/div>\n\t\t\t\n\t\t<\/div>\n\t\t\t\t\t\t<\/div>\n\t\t\t\t<\/div>\n\t\t\t\t\t<\/div>\n\t\t<\/div>\n\t\t\t\t\t<\/div>\n\t\t<\/section>\n\t\t\t\t<section data-particle_enable=\"false\" data-particle-mobile-disabled=\"false\" class=\"elementor-section elementor-inner-section elementor-element elementor-element-5116a88 elementor-section-boxed elementor-section-height-default elementor-section-height-default\" data-id=\"5116a88\" data-element_type=\"section\" data-e-type=\"section\">\n\t\t\t\t\t\t<div class=\"elementor-container elementor-column-gap-default\">\n\t\t\t\t\t<div class=\"elementor-column elementor-col-50 elementor-inner-column elementor-element elementor-element-89bd705\" data-id=\"89bd705\" data-element_type=\"column\" data-e-type=\"column\">\n\t\t\t<div class=\"elementor-widget-wrap elementor-element-populated\">\n\t\t\t\t\t\t<div class=\"elementor-element elementor-element-2b91c8bc elementor-view-default elementor-position-block-start elementor-mobile-position-block-start elementor-widget elementor-widget-icon-box\" data-id=\"2b91c8bc\" data-element_type=\"widget\" data-e-type=\"widget\" data-widget_type=\"icon-box.default\">\n\t\t\t\t<div class=\"elementor-widget-container\">\n\t\t\t\t\t\t\t<div class=\"elementor-icon-box-wrapper\">\n\n\t\t\t\t\t\t<div class=\"elementor-icon-box-icon\">\n\t\t\t\t<a href=\"https:\/\/www.bergteknik.se\/wp-content\/uploads\/2022\/03\/Kort-Miljopolicy-NP-sign.pdf\" target=\"_blank\" class=\"elementor-icon\" tabindex=\"-1\" aria-label=\"Environmental policy\">\n\t\t\t\t<i aria-hidden=\"true\" class=\"far fa-file-pdf\"><\/i>\t\t\t\t<\/a>\n\t\t\t<\/div>\n\t\t\t\n\t\t\t\t\t\t<div class=\"elementor-icon-box-content\">\n\n\t\t\t\t\t\t\t\t\t<h3 class=\"elementor-icon-box-title\">\n\t\t\t\t\t\t<a href=\"https:\/\/www.bergteknik.se\/wp-content\/uploads\/2022\/03\/Kort-Miljopolicy-NP-sign.pdf\" target=\"_blank\" >\n\t\t\t\t\t\t\tEnvironmental policy\t\t\t\t\t\t<\/a>\n\t\t\t\t\t<\/h3>\n\t\t\t\t\n\t\t\t\t\t\t\t\t\t<p class=\"elementor-icon-box-description\">\n\t\t\t\t\t\tThe aim of our environmental work is to reduce our environmental impact and contribute to the future of\nsociety. \t\t\t\t\t<\/p>\n\t\t\t\t\n\t\t\t<\/div>\n\t\t\t\n\t\t<\/div>\n\t\t\t\t\t\t<\/div>\n\t\t\t\t<\/div>\n\t\t\t\t\t<\/div>\n\t\t<\/div>\n\t\t\t\t<div class=\"elementor-column elementor-col-50 elementor-inner-column elementor-element elementor-element-bc7dff7\" data-id=\"bc7dff7\" data-element_type=\"column\" data-e-type=\"column\">\n\t\t\t<div class=\"elementor-widget-wrap\">\n\t\t\t\t\t\t\t<\/div>\n\t\t<\/div>\n\t\t\t\t\t<\/div>\n\t\t<\/section>\n\t\t\t\t\t<\/div>\n\t\t<\/div>\n\t\t\t\t\t<\/div>\n\t\t<\/section>\n\t\t\t\t<\/div>","protected":false},"excerpt":{"rendered":"<p>Policies H\u00e4r hittar du v\u00e5r arbetsmilj\u00f6policy, milj\u00f6policy samt kvalitetspolicy. Arbetsmilj\u00f6policy M\u00e5let med v\u00e5rt arbetsmilj\u00f6arbete \u00e4r att skapa en arbetsmilj\u00f6 som \u00e4r s\u00e4ker och trygg f\u00f6r alla medarbetare s\u00e5v\u00e4l fysiskt som organisatoriskt och socialt. Kvalitetspolicy M\u00e5let med v\u00e5rt kvalitetsarbete \u00e4r att leverera tj\u00e4nster i enlighet med kundens krav, behov och f\u00f6rv\u00e4ntningar. Milj\u00f6policy M\u00e5let med v\u00e5rt milj\u00f6arbete [&hellip;]<\/p>\n","protected":false},"author":1,"featured_media":0,"parent":0,"menu_order":0,"comment_status":"closed","ping_status":"closed","template":"","meta":{"_acf_changed":false,"footnotes":""},"class_list":["post-3561","page","type-page","status-publish","hentry"],"acf":[],"yoast_head":"<!-- This site is optimized with the Yoast SEO plugin v27.4 - https:\/\/yoast.com\/product\/yoast-seo-wordpress\/ -->\n<title>Policies - Norrbottens Bergteknik<\/title>\n<meta name=\"robots\" content=\"index, follow, max-snippet:-1, max-image-preview:large, max-video-preview:-1\" \/>\n<link rel=\"canonical\" href=\"https:\/\/www.bergteknik.se\/en\/policies\/\" \/>\n<meta property=\"og:locale\" content=\"en_GB\" \/>\n<meta property=\"og:type\" content=\"article\" \/>\n<meta property=\"og:title\" content=\"Policies - Norrbottens Bergteknik\" \/>\n<meta property=\"og:description\" content=\"Policies H\u00e4r hittar du v\u00e5r arbetsmilj\u00f6policy, milj\u00f6policy samt kvalitetspolicy. Arbetsmilj\u00f6policy M\u00e5let med v\u00e5rt arbetsmilj\u00f6arbete \u00e4r att skapa en arbetsmilj\u00f6 som \u00e4r s\u00e4ker och trygg f\u00f6r alla medarbetare s\u00e5v\u00e4l fysiskt som organisatoriskt och socialt. Kvalitetspolicy M\u00e5let med v\u00e5rt kvalitetsarbete \u00e4r att leverera tj\u00e4nster i enlighet med kundens krav, behov och f\u00f6rv\u00e4ntningar. Milj\u00f6policy M\u00e5let med v\u00e5rt milj\u00f6arbete [&hellip;]\" \/>\n<meta property=\"og:url\" content=\"https:\/\/www.bergteknik.se\/en\/policies\/\" \/>\n<meta property=\"og:site_name\" content=\"Norrbottens Bergteknik\" \/>\n<meta property=\"article:modified_time\" content=\"2025-05-26T07:23:47+00:00\" \/>\n<meta name=\"twitter:card\" content=\"summary_large_image\" \/>\n<meta name=\"twitter:label1\" content=\"Estimated reading time\" \/>\n\t<meta name=\"twitter:data1\" content=\"1 minute\" \/>\n<script type=\"application\/ld+json\" class=\"yoast-schema-graph\">{\"@context\":\"https:\\\/\\\/schema.org\",\"@graph\":[{\"@type\":\"WebPage\",\"@id\":\"https:\\\/\\\/www.bergteknik.se\\\/policies\\\/\",\"url\":\"https:\\\/\\\/www.bergteknik.se\\\/policies\\\/\",\"name\":\"Policies - Norrbottens Bergteknik\",\"isPartOf\":{\"@id\":\"https:\\\/\\\/www.bergteknik.se\\\/#website\"},\"datePublished\":\"2022-04-04T07:22:02+00:00\",\"dateModified\":\"2025-05-26T07:23:47+00:00\",\"breadcrumb\":{\"@id\":\"https:\\\/\\\/www.bergteknik.se\\\/policies\\\/#breadcrumb\"},\"inLanguage\":\"en-GB\",\"potentialAction\":[{\"@type\":\"ReadAction\",\"target\":[\"https:\\\/\\\/www.bergteknik.se\\\/policies\\\/\"]}]},{\"@type\":\"BreadcrumbList\",\"@id\":\"https:\\\/\\\/www.bergteknik.se\\\/policies\\\/#breadcrumb\",\"itemListElement\":[{\"@type\":\"ListItem\",\"position\":1,\"name\":\"Hem\",\"item\":\"https:\\\/\\\/www.bergteknik.se\\\/\"},{\"@type\":\"ListItem\",\"position\":2,\"name\":\"Policies\"}]},{\"@type\":\"WebSite\",\"@id\":\"https:\\\/\\\/www.bergteknik.se\\\/#website\",\"url\":\"https:\\\/\\\/www.bergteknik.se\\\/\",\"name\":\"Norrbottens Bergteknik\",\"description\":\"Ledande inom berghantering, borrning och spr\u00e4ngning\",\"publisher\":{\"@id\":\"https:\\\/\\\/www.bergteknik.se\\\/#organization\"},\"potentialAction\":[{\"@type\":\"SearchAction\",\"target\":{\"@type\":\"EntryPoint\",\"urlTemplate\":\"https:\\\/\\\/www.bergteknik.se\\\/?s={search_term_string}\"},\"query-input\":{\"@type\":\"PropertyValueSpecification\",\"valueRequired\":true,\"valueName\":\"search_term_string\"}}],\"inLanguage\":\"en-GB\"},{\"@type\":\"Organization\",\"@id\":\"https:\\\/\\\/www.bergteknik.se\\\/#organization\",\"name\":\"Norrbottens Bergteknik\",\"url\":\"https:\\\/\\\/www.bergteknik.se\\\/\",\"logo\":{\"@type\":\"ImageObject\",\"inLanguage\":\"en-GB\",\"@id\":\"https:\\\/\\\/www.bergteknik.se\\\/#\\\/schema\\\/logo\\\/image\\\/\",\"url\":\"https:\\\/\\\/www.bergteknik.se\\\/wp-content\\\/uploads\\\/2021\\\/12\\\/cropped-NBT_Logo_C_Bla_H100px.png\",\"contentUrl\":\"https:\\\/\\\/www.bergteknik.se\\\/wp-content\\\/uploads\\\/2021\\\/12\\\/cropped-NBT_Logo_C_Bla_H100px.png\",\"width\":536,\"height\":150,\"caption\":\"Norrbottens Bergteknik\"},\"image\":{\"@id\":\"https:\\\/\\\/www.bergteknik.se\\\/#\\\/schema\\\/logo\\\/image\\\/\"}}]}<\/script>\n<!-- \/ Yoast SEO plugin. -->","yoast_head_json":{"title":"Policies - Norrbottens Bergteknik","robots":{"index":"index","follow":"follow","max-snippet":"max-snippet:-1","max-image-preview":"max-image-preview:large","max-video-preview":"max-video-preview:-1"},"canonical":"https:\/\/www.bergteknik.se\/en\/policies\/","og_locale":"en_GB","og_type":"article","og_title":"Policies - Norrbottens Bergteknik","og_description":"Policies H\u00e4r hittar du v\u00e5r arbetsmilj\u00f6policy, milj\u00f6policy samt kvalitetspolicy. Arbetsmilj\u00f6policy M\u00e5let med v\u00e5rt arbetsmilj\u00f6arbete \u00e4r att skapa en arbetsmilj\u00f6 som \u00e4r s\u00e4ker och trygg f\u00f6r alla medarbetare s\u00e5v\u00e4l fysiskt som organisatoriskt och socialt. Kvalitetspolicy M\u00e5let med v\u00e5rt kvalitetsarbete \u00e4r att leverera tj\u00e4nster i enlighet med kundens krav, behov och f\u00f6rv\u00e4ntningar. Milj\u00f6policy M\u00e5let med v\u00e5rt milj\u00f6arbete [&hellip;]","og_url":"https:\/\/www.bergteknik.se\/en\/policies\/","og_site_name":"Norrbottens Bergteknik","article_modified_time":"2025-05-26T07:23:47+00:00","twitter_card":"summary_large_image","twitter_misc":{"Estimated reading time":"1 minute"},"schema":{"@context":"https:\/\/schema.org","@graph":[{"@type":"WebPage","@id":"https:\/\/www.bergteknik.se\/policies\/","url":"https:\/\/www.bergteknik.se\/policies\/","name":"Policies - Norrbottens Bergteknik","isPartOf":{"@id":"https:\/\/www.bergteknik.se\/#website"},"datePublished":"2022-04-04T07:22:02+00:00","dateModified":"2025-05-26T07:23:47+00:00","breadcrumb":{"@id":"https:\/\/www.bergteknik.se\/policies\/#breadcrumb"},"inLanguage":"en-GB","potentialAction":[{"@type":"ReadAction","target":["https:\/\/www.bergteknik.se\/policies\/"]}]},{"@type":"BreadcrumbList","@id":"https:\/\/www.bergteknik.se\/policies\/#breadcrumb","itemListElement":[{"@type":"ListItem","position":1,"name":"Hem","item":"https:\/\/www.bergteknik.se\/"},{"@type":"ListItem","position":2,"name":"Policies"}]},{"@type":"WebSite","@id":"https:\/\/www.bergteknik.se\/#website","url":"https:\/\/www.bergteknik.se\/","name":"Norrbottens Bergteknik","description":"Leader in rock handling, drilling and rock excavation","publisher":{"@id":"https:\/\/www.bergteknik.se\/#organization"},"potentialAction":[{"@type":"SearchAction","target":{"@type":"EntryPoint","urlTemplate":"https:\/\/www.bergteknik.se\/?s={search_term_string}"},"query-input":{"@type":"PropertyValueSpecification","valueRequired":true,"valueName":"search_term_string"}}],"inLanguage":"en-GB"},{"@type":"Organization","@id":"https:\/\/www.bergteknik.se\/#organization","name":"Norrbottens Bergteknik","url":"https:\/\/www.bergteknik.se\/","logo":{"@type":"ImageObject","inLanguage":"en-GB","@id":"https:\/\/www.bergteknik.se\/#\/schema\/logo\/image\/","url":"https:\/\/www.bergteknik.se\/wp-content\/uploads\/2021\/12\/cropped-NBT_Logo_C_Bla_H100px.png","contentUrl":"https:\/\/www.bergteknik.se\/wp-content\/uploads\/2021\/12\/cropped-NBT_Logo_C_Bla_H100px.png","width":536,"height":150,"caption":"Norrbottens Bergteknik"},"image":{"@id":"https:\/\/www.bergteknik.se\/#\/schema\/logo\/image\/"}}]}},"_links":{"self":[{"href":"https:\/\/www.bergteknik.se\/en\/wp-json\/wp\/v2\/pages\/3561","targetHints":{"allow":["GET"]}}],"collection":[{"href":"https:\/\/www.bergteknik.se\/en\/wp-json\/wp\/v2\/pages"}],"about":[{"href":"https:\/\/www.bergteknik.se\/en\/wp-json\/wp\/v2\/types\/page"}],"author":[{"embeddable":true,"href":"https:\/\/www.bergteknik.se\/en\/wp-json\/wp\/v2\/users\/1"}],"replies":[{"embeddable":true,"href":"https:\/\/www.bergteknik.se\/en\/wp-json\/wp\/v2\/comments?post=3561"}],"version-history":[{"count":31,"href":"https:\/\/www.bergteknik.se\/en\/wp-json\/wp\/v2\/pages\/3561\/revisions"}],"predecessor-version":[{"id":4963,"href":"https:\/\/www.bergteknik.se\/en\/wp-json\/wp\/v2\/pages\/3561\/revisions\/4963"}],"wp:attachment":[{"href":"https:\/\/www.bergteknik.se\/en\/wp-json\/wp\/v2\/media?parent=3561"}],"curies":[{"name":"wp","href":"https:\/\/api.w.org\/{rel}","templated":true}]}}