{"id":771,"date":"2019-01-22T13:17:28","date_gmt":"2019-01-22T13:17:28","guid":{"rendered":"http:\/\/www.bergteknik.se\/?page_id=771"},"modified":"2024-11-08T08:14:20","modified_gmt":"2024-11-08T08:14:20","slug":"invoicing","status":"publish","type":"page","link":"https:\/\/www.bergteknik.se\/en\/fakturering\/","title":{"rendered":"Invoicing"},"content":{"rendered":"<div data-elementor-type=\"wp-post\" data-elementor-id=\"771\" class=\"elementor elementor-771\" data-elementor-post-type=\"page\">\n\t\t\t\t\t\t<section data-particle_enable=\"false\" data-particle-mobile-disabled=\"false\" class=\"elementor-section elementor-top-section elementor-element elementor-element-f33fb04 elementor-section-height-min-height elementor-section-items-stretch elementor-section-content-middle elementor-section-boxed elementor-section-height-default\" data-id=\"f33fb04\" data-element_type=\"section\" data-e-type=\"section\" data-settings=\"{&quot;background_background&quot;:&quot;classic&quot;}\">\n\t\t\t\t\t\t<div class=\"elementor-container elementor-column-gap-default\">\n\t\t\t\t\t<div class=\"elementor-column elementor-col-100 elementor-top-column elementor-element elementor-element-20ec8ac\" data-id=\"20ec8ac\" data-element_type=\"column\" data-e-type=\"column\">\n\t\t\t<div class=\"elementor-widget-wrap\">\n\t\t\t\t\t\t\t<\/div>\n\t\t<\/div>\n\t\t\t\t\t<\/div>\n\t\t<\/section>\n\t\t\t\t<section data-particle_enable=\"false\" data-particle-mobile-disabled=\"false\" class=\"elementor-section elementor-top-section elementor-element elementor-element-42abf439 elementor-section-content-middle elementor-section-boxed elementor-section-height-default elementor-section-height-default\" data-id=\"42abf439\" data-element_type=\"section\" data-e-type=\"section\" data-settings=\"{&quot;background_background&quot;:&quot;classic&quot;}\">\n\t\t\t\t\t\t<div class=\"elementor-container elementor-column-gap-no\">\n\t\t\t\t\t<div class=\"elementor-column elementor-col-100 elementor-top-column elementor-element elementor-element-5c34ff38\" data-id=\"5c34ff38\" data-element_type=\"column\" data-e-type=\"column\">\n\t\t\t<div class=\"elementor-widget-wrap elementor-element-populated\">\n\t\t\t\t\t\t<div class=\"elementor-element elementor-element-24076cb7 elementor-widget elementor-widget-heading\" data-id=\"24076cb7\" data-element_type=\"widget\" data-e-type=\"widget\" data-widget_type=\"heading.default\">\n\t\t\t\t<div class=\"elementor-widget-container\">\n\t\t\t\t\t<h1 class=\"elementor-heading-title elementor-size-default\">Billing information for suppliers<\/h1>\t\t\t\t<\/div>\n\t\t\t\t<\/div>\n\t\t\t\t<section data-particle_enable=\"false\" data-particle-mobile-disabled=\"false\" class=\"elementor-section elementor-inner-section elementor-element elementor-element-9cab531 elementor-section-boxed elementor-section-height-default elementor-section-height-default\" data-id=\"9cab531\" data-element_type=\"section\" data-e-type=\"section\">\n\t\t\t\t\t\t<div class=\"elementor-container elementor-column-gap-default\">\n\t\t\t\t\t<div class=\"elementor-column elementor-col-100 elementor-inner-column elementor-element elementor-element-400ac6b\" data-id=\"400ac6b\" data-element_type=\"column\" data-e-type=\"column\">\n\t\t\t<div class=\"elementor-widget-wrap elementor-element-populated\">\n\t\t\t\t\t\t<div class=\"elementor-element elementor-element-41c9231 elementor-widget elementor-widget-heading\" data-id=\"41c9231\" data-element_type=\"widget\" data-e-type=\"widget\" data-widget_type=\"heading.default\">\n\t\t\t\t<div class=\"elementor-widget-container\">\n\t\t\t\t\t<h2 class=\"elementor-heading-title elementor-size-default\">Guidelines for invoicing<\/h2>\t\t\t\t<\/div>\n\t\t\t\t<\/div>\n\t\t\t\t<div class=\"elementor-element elementor-element-dbea140 elementor-widget elementor-widget-text-editor\" data-id=\"dbea140\" data-element_type=\"widget\" data-e-type=\"widget\" data-widget_type=\"text-editor.default\">\n\t\t\t\t<div class=\"elementor-widget-container\">\n\t\t\t\t\t\t\t\t\t<p>Organisation number Norrbottens Bergteknik AB: <strong>556428-9063\u00a0<\/strong><\/p><p>We prefer invoices to be sent as <strong>e-invoices.<\/strong> See address below.<\/p><p>Terms of payment: <strong>30 days.<\/strong><\/p><p>The invoice shall <strong>be labelled<\/strong> with our 5-digit project number and the client's first and last name.<\/p><p><strong>Invoicing fees<\/strong> will not be accepted.<\/p>\t\t\t\t\t\t\t\t<\/div>\n\t\t\t\t<\/div>\n\t\t\t\t\t<\/div>\n\t\t<\/div>\n\t\t\t\t\t<\/div>\n\t\t<\/section>\n\t\t\t\t<section data-particle_enable=\"false\" data-particle-mobile-disabled=\"false\" class=\"elementor-section elementor-inner-section elementor-element elementor-element-2c57467 elementor-section-boxed elementor-section-height-default elementor-section-height-default\" data-id=\"2c57467\" data-element_type=\"section\" data-e-type=\"section\">\n\t\t\t\t\t\t<div class=\"elementor-container elementor-column-gap-default\">\n\t\t\t\t\t<div class=\"elementor-column elementor-col-100 elementor-inner-column elementor-element elementor-element-99853a5\" data-id=\"99853a5\" data-element_type=\"column\" data-e-type=\"column\">\n\t\t\t<div class=\"elementor-widget-wrap elementor-element-populated\">\n\t\t\t\t\t\t<div class=\"elementor-element elementor-element-30a00bc elementor-widget elementor-widget-heading\" data-id=\"30a00bc\" data-element_type=\"widget\" data-e-type=\"widget\" data-widget_type=\"heading.default\">\n\t\t\t\t<div class=\"elementor-widget-container\">\n\t\t\t\t\t<h2 class=\"elementor-heading-title elementor-size-default\">e-invoice<\/h2>\t\t\t\t<\/div>\n\t\t\t\t<\/div>\n\t\t\t\t<div class=\"elementor-element elementor-element-6105bfe elementor-widget elementor-widget-text-editor\" data-id=\"6105bfe\" data-element_type=\"widget\" data-e-type=\"widget\" data-widget_type=\"text-editor.default\">\n\t\t\t\t<div class=\"elementor-widget-container\">\n\t\t\t\t\t\t\t\t\t<p>E-invoice:<\/p><p><strong>PPP ID: 0007:5564289063<\/strong><\/p>\t\t\t\t\t\t\t\t<\/div>\n\t\t\t\t<\/div>\n\t\t\t\t\t<\/div>\n\t\t<\/div>\n\t\t\t\t\t<\/div>\n\t\t<\/section>\n\t\t\t\t<section data-particle_enable=\"false\" data-particle-mobile-disabled=\"false\" class=\"elementor-section elementor-inner-section elementor-element elementor-element-3267f24 elementor-section-boxed elementor-section-height-default elementor-section-height-default\" data-id=\"3267f24\" data-element_type=\"section\" data-e-type=\"section\">\n\t\t\t\t\t\t<div class=\"elementor-container elementor-column-gap-default\">\n\t\t\t\t\t<div class=\"elementor-column elementor-col-100 elementor-inner-column elementor-element elementor-element-aa96c5c\" data-id=\"aa96c5c\" data-element_type=\"column\" data-e-type=\"column\">\n\t\t\t<div class=\"elementor-widget-wrap elementor-element-populated\">\n\t\t\t\t\t\t<div class=\"elementor-element elementor-element-98c2275 elementor-widget elementor-widget-heading\" data-id=\"98c2275\" data-element_type=\"widget\" data-e-type=\"widget\" data-widget_type=\"heading.default\">\n\t\t\t\t<div class=\"elementor-widget-container\">\n\t\t\t\t\t<h2 class=\"elementor-heading-title elementor-size-default\">ADDRESS for e-mail invoice<\/h2>\t\t\t\t<\/div>\n\t\t\t\t<\/div>\n\t\t\t\t<div class=\"elementor-element elementor-element-0acbf30 elementor-widget elementor-widget-text-editor\" data-id=\"0acbf30\" data-element_type=\"widget\" data-e-type=\"widget\" data-widget_type=\"text-editor.default\">\n\t\t\t\t<div class=\"elementor-widget-container\">\n\t\t\t\t\t\t\t\t\t<p><span>If the invoice is sent as a PDF by email:<\/span><\/p><p><span><strong>invoice@bergteknik.se<\/strong><\/span><\/p>\t\t\t\t\t\t\t\t<\/div>\n\t\t\t\t<\/div>\n\t\t\t\t\t<\/div>\n\t\t<\/div>\n\t\t\t\t\t<\/div>\n\t\t<\/section>\n\t\t\t\t<section data-particle_enable=\"false\" data-particle-mobile-disabled=\"false\" class=\"elementor-section elementor-inner-section elementor-element elementor-element-e209526 elementor-section-boxed elementor-section-height-default elementor-section-height-default\" data-id=\"e209526\" data-element_type=\"section\" data-e-type=\"section\">\n\t\t\t\t\t\t<div class=\"elementor-container elementor-column-gap-default\">\n\t\t\t\t\t<div class=\"elementor-column elementor-col-100 elementor-inner-column elementor-element elementor-element-b22536b\" data-id=\"b22536b\" data-element_type=\"column\" data-e-type=\"column\">\n\t\t\t<div class=\"elementor-widget-wrap elementor-element-populated\">\n\t\t\t\t\t\t<div class=\"elementor-element elementor-element-12a6f76 elementor-widget elementor-widget-heading\" data-id=\"12a6f76\" data-element_type=\"widget\" data-e-type=\"widget\" data-widget_type=\"heading.default\">\n\t\t\t\t<div class=\"elementor-widget-container\">\n\t\t\t\t\t<h2 class=\"elementor-heading-title elementor-size-default\">ADDRESS for postal invoices<\/h2>\t\t\t\t<\/div>\n\t\t\t\t<\/div>\n\t\t\t\t<div class=\"elementor-element elementor-element-89ef903 elementor-widget elementor-widget-text-editor\" data-id=\"89ef903\" data-element_type=\"widget\" data-e-type=\"widget\" data-widget_type=\"text-editor.default\">\n\t\t\t\t<div class=\"elementor-widget-container\">\n\t\t\t\t\t\t\t\t\t<p><span>If the invoice is sent by regular mail:\u00a0<\/span><\/p><p><strong>Norrbottens Bergteknik AB<\/strong><br \/><strong>PG 1400<\/strong><br \/><strong>c\/o Azets Document Solutions AB<\/strong><br \/><strong>751 75 Uppsala, Sweden<\/strong><\/p>\t\t\t\t\t\t\t\t<\/div>\n\t\t\t\t<\/div>\n\t\t\t\t\t<\/div>\n\t\t<\/div>\n\t\t\t\t\t<\/div>\n\t\t<\/section>\n\t\t\t\t<section data-particle_enable=\"false\" data-particle-mobile-disabled=\"false\" class=\"elementor-section elementor-inner-section elementor-element elementor-element-f3835d8 elementor-section-boxed elementor-section-height-default elementor-section-height-default\" data-id=\"f3835d8\" data-element_type=\"section\" data-e-type=\"section\">\n\t\t\t\t\t\t<div class=\"elementor-container elementor-column-gap-default\">\n\t\t\t\t\t<div class=\"elementor-column elementor-col-100 elementor-inner-column elementor-element elementor-element-85ffa8b\" data-id=\"85ffa8b\" data-element_type=\"column\" data-e-type=\"column\">\n\t\t\t<div class=\"elementor-widget-wrap elementor-element-populated\">\n\t\t\t\t\t\t<div class=\"elementor-element elementor-element-b0a324a elementor-widget elementor-widget-heading\" data-id=\"b0a324a\" data-element_type=\"widget\" data-e-type=\"widget\" data-widget_type=\"heading.default\">\n\t\t\t\t<div class=\"elementor-widget-container\">\n\t\t\t\t\t<h2 class=\"elementor-heading-title elementor-size-default\">ADDRESS for mail<\/h2>\t\t\t\t<\/div>\n\t\t\t\t<\/div>\n\t\t\t\t<div class=\"elementor-element elementor-element-89a1796 elementor-widget elementor-widget-text-editor\" data-id=\"89a1796\" data-element_type=\"widget\" data-e-type=\"widget\" data-widget_type=\"text-editor.default\">\n\t\t\t\t<div class=\"elementor-widget-container\">\n\t\t\t\t\t\t\t\t\t<p>Other correspondence:<\/p><p><strong>Norrbottens Bergteknik AB<\/strong><br \/><strong>Box 10<\/strong><br \/><strong>SE-942 21 \u00c4lvsbyn<\/strong><\/p>\t\t\t\t\t\t\t\t<\/div>\n\t\t\t\t<\/div>\n\t\t\t\t\t<\/div>\n\t\t<\/div>\n\t\t\t\t\t<\/div>\n\t\t<\/section>\n\t\t\t\t<section data-particle_enable=\"false\" data-particle-mobile-disabled=\"false\" class=\"elementor-section elementor-inner-section elementor-element elementor-element-5360fb0 elementor-section-boxed elementor-section-height-default elementor-section-height-default\" data-id=\"5360fb0\" data-element_type=\"section\" data-e-type=\"section\">\n\t\t\t\t\t\t<div class=\"elementor-container elementor-column-gap-default\">\n\t\t\t\t\t<div class=\"elementor-column elementor-col-100 elementor-inner-column elementor-element elementor-element-12e4a28\" data-id=\"12e4a28\" data-element_type=\"column\" data-e-type=\"column\">\n\t\t\t<div class=\"elementor-widget-wrap\">\n\t\t\t\t\t\t\t<\/div>\n\t\t<\/div>\n\t\t\t\t\t<\/div>\n\t\t<\/section>\n\t\t\t\t\t<\/div>\n\t\t<\/div>\n\t\t\t\t\t<\/div>\n\t\t<\/section>\n\t\t\t\t<\/div>","protected":false},"excerpt":{"rendered":"<p>Faktureringsinformation f\u00f6r leverant\u00f6rer Riktlinjer f\u00f6r fakturering Organisationsnummer Norrbottens Bergteknik AB: 556428-9063\u00a0 Vi f\u00f6redrar att fakturorna skickas som e-fakturor. Se adress l\u00e4ngre ned. Betalningsvillkor: 30 dagar. Fakturan ska m\u00e4rkas med v\u00e5rt 5-siffriga projektnummer samt best\u00e4llarens f\u00f6r- och efternamn. Fakturaavgifter accepteras inte. e-faktura E-faktura: Peppol ID: 0007:5564289063 ADRESS f\u00f6r e-postfaktura Om fakturan skickas som pdf med e-post: [&hellip;]<\/p>\n","protected":false},"author":1,"featured_media":0,"parent":0,"menu_order":0,"comment_status":"closed","ping_status":"closed","template":"page-templates\/template-pagebuilder-full-width.php","meta":{"_acf_changed":false,"footnotes":""},"class_list":["post-771","page","type-page","status-publish","hentry"],"acf":[],"yoast_head":"<!-- This site is optimized with the Yoast SEO plugin v27.4 - https:\/\/yoast.com\/product\/yoast-seo-wordpress\/ -->\n<title>Fakturering - Norrbottens Bergteknik<\/title>\n<meta name=\"robots\" content=\"index, follow, max-snippet:-1, max-image-preview:large, max-video-preview:-1\" \/>\n<link rel=\"canonical\" href=\"https:\/\/www.bergteknik.se\/en\/invoicing\/\" \/>\n<meta property=\"og:locale\" content=\"en_GB\" \/>\n<meta property=\"og:type\" content=\"article\" \/>\n<meta property=\"og:title\" content=\"Fakturering - Norrbottens Bergteknik\" \/>\n<meta property=\"og:description\" content=\"Faktureringsinformation f\u00f6r leverant\u00f6rer Riktlinjer f\u00f6r fakturering Organisationsnummer Norrbottens Bergteknik AB: 556428-9063\u00a0 Vi f\u00f6redrar att fakturorna skickas som e-fakturor. Se adress l\u00e4ngre ned. Betalningsvillkor: 30 dagar. Fakturan ska m\u00e4rkas med v\u00e5rt 5-siffriga projektnummer samt best\u00e4llarens f\u00f6r- och efternamn. Fakturaavgifter accepteras inte. e-faktura E-faktura: Peppol ID: 0007:5564289063 ADRESS f\u00f6r e-postfaktura Om fakturan skickas som pdf med e-post: [&hellip;]\" \/>\n<meta property=\"og:url\" content=\"https:\/\/www.bergteknik.se\/en\/invoicing\/\" \/>\n<meta property=\"og:site_name\" content=\"Norrbottens Bergteknik\" \/>\n<meta property=\"article:modified_time\" content=\"2024-11-08T08:14:20+00:00\" \/>\n<meta name=\"twitter:card\" content=\"summary_large_image\" \/>\n<meta name=\"twitter:label1\" content=\"Estimated reading time\" \/>\n\t<meta name=\"twitter:data1\" content=\"1 minute\" \/>\n<script type=\"application\/ld+json\" class=\"yoast-schema-graph\">{\"@context\":\"https:\\\/\\\/schema.org\",\"@graph\":[{\"@type\":\"WebPage\",\"@id\":\"https:\\\/\\\/www.bergteknik.se\\\/fakturering\\\/\",\"url\":\"https:\\\/\\\/www.bergteknik.se\\\/fakturering\\\/\",\"name\":\"Fakturering - Norrbottens Bergteknik\",\"isPartOf\":{\"@id\":\"https:\\\/\\\/www.bergteknik.se\\\/#website\"},\"datePublished\":\"2019-01-22T13:17:28+00:00\",\"dateModified\":\"2024-11-08T08:14:20+00:00\",\"breadcrumb\":{\"@id\":\"https:\\\/\\\/www.bergteknik.se\\\/fakturering\\\/#breadcrumb\"},\"inLanguage\":\"en-GB\",\"potentialAction\":[{\"@type\":\"ReadAction\",\"target\":[\"https:\\\/\\\/www.bergteknik.se\\\/fakturering\\\/\"]}]},{\"@type\":\"BreadcrumbList\",\"@id\":\"https:\\\/\\\/www.bergteknik.se\\\/fakturering\\\/#breadcrumb\",\"itemListElement\":[{\"@type\":\"ListItem\",\"position\":1,\"name\":\"Hem\",\"item\":\"https:\\\/\\\/www.bergteknik.se\\\/\"},{\"@type\":\"ListItem\",\"position\":2,\"name\":\"Fakturering\"}]},{\"@type\":\"WebSite\",\"@id\":\"https:\\\/\\\/www.bergteknik.se\\\/#website\",\"url\":\"https:\\\/\\\/www.bergteknik.se\\\/\",\"name\":\"Norrbottens Bergteknik\",\"description\":\"Ledande inom berghantering, borrning och spr\u00e4ngning\",\"publisher\":{\"@id\":\"https:\\\/\\\/www.bergteknik.se\\\/#organization\"},\"potentialAction\":[{\"@type\":\"SearchAction\",\"target\":{\"@type\":\"EntryPoint\",\"urlTemplate\":\"https:\\\/\\\/www.bergteknik.se\\\/?s={search_term_string}\"},\"query-input\":{\"@type\":\"PropertyValueSpecification\",\"valueRequired\":true,\"valueName\":\"search_term_string\"}}],\"inLanguage\":\"en-GB\"},{\"@type\":\"Organization\",\"@id\":\"https:\\\/\\\/www.bergteknik.se\\\/#organization\",\"name\":\"Norrbottens Bergteknik\",\"url\":\"https:\\\/\\\/www.bergteknik.se\\\/\",\"logo\":{\"@type\":\"ImageObject\",\"inLanguage\":\"en-GB\",\"@id\":\"https:\\\/\\\/www.bergteknik.se\\\/#\\\/schema\\\/logo\\\/image\\\/\",\"url\":\"https:\\\/\\\/www.bergteknik.se\\\/wp-content\\\/uploads\\\/2021\\\/12\\\/cropped-NBT_Logo_C_Bla_H100px.png\",\"contentUrl\":\"https:\\\/\\\/www.bergteknik.se\\\/wp-content\\\/uploads\\\/2021\\\/12\\\/cropped-NBT_Logo_C_Bla_H100px.png\",\"width\":536,\"height\":150,\"caption\":\"Norrbottens Bergteknik\"},\"image\":{\"@id\":\"https:\\\/\\\/www.bergteknik.se\\\/#\\\/schema\\\/logo\\\/image\\\/\"}}]}<\/script>\n<!-- \/ Yoast SEO plugin. -->","yoast_head_json":{"title":"Invoicing - Norrbottens Bergteknik","robots":{"index":"index","follow":"follow","max-snippet":"max-snippet:-1","max-image-preview":"max-image-preview:large","max-video-preview":"max-video-preview:-1"},"canonical":"https:\/\/www.bergteknik.se\/en\/invoicing\/","og_locale":"en_GB","og_type":"article","og_title":"Fakturering - Norrbottens Bergteknik","og_description":"Faktureringsinformation f\u00f6r leverant\u00f6rer Riktlinjer f\u00f6r fakturering Organisationsnummer Norrbottens Bergteknik AB: 556428-9063\u00a0 Vi f\u00f6redrar att fakturorna skickas som e-fakturor. Se adress l\u00e4ngre ned. Betalningsvillkor: 30 dagar. Fakturan ska m\u00e4rkas med v\u00e5rt 5-siffriga projektnummer samt best\u00e4llarens f\u00f6r- och efternamn. Fakturaavgifter accepteras inte. e-faktura E-faktura: Peppol ID: 0007:5564289063 ADRESS f\u00f6r e-postfaktura Om fakturan skickas som pdf med e-post: [&hellip;]","og_url":"https:\/\/www.bergteknik.se\/en\/invoicing\/","og_site_name":"Norrbottens Bergteknik","article_modified_time":"2024-11-08T08:14:20+00:00","twitter_card":"summary_large_image","twitter_misc":{"Estimated reading time":"1 minute"},"schema":{"@context":"https:\/\/schema.org","@graph":[{"@type":"WebPage","@id":"https:\/\/www.bergteknik.se\/fakturering\/","url":"https:\/\/www.bergteknik.se\/fakturering\/","name":"Invoicing - Norrbottens Bergteknik","isPartOf":{"@id":"https:\/\/www.bergteknik.se\/#website"},"datePublished":"2019-01-22T13:17:28+00:00","dateModified":"2024-11-08T08:14:20+00:00","breadcrumb":{"@id":"https:\/\/www.bergteknik.se\/fakturering\/#breadcrumb"},"inLanguage":"en-GB","potentialAction":[{"@type":"ReadAction","target":["https:\/\/www.bergteknik.se\/fakturering\/"]}]},{"@type":"BreadcrumbList","@id":"https:\/\/www.bergteknik.se\/fakturering\/#breadcrumb","itemListElement":[{"@type":"ListItem","position":1,"name":"Hem","item":"https:\/\/www.bergteknik.se\/"},{"@type":"ListItem","position":2,"name":"Fakturering"}]},{"@type":"WebSite","@id":"https:\/\/www.bergteknik.se\/#website","url":"https:\/\/www.bergteknik.se\/","name":"Norrbottens Bergteknik","description":"Leader in rock handling, drilling and rock excavation","publisher":{"@id":"https:\/\/www.bergteknik.se\/#organization"},"potentialAction":[{"@type":"SearchAction","target":{"@type":"EntryPoint","urlTemplate":"https:\/\/www.bergteknik.se\/?s={search_term_string}"},"query-input":{"@type":"PropertyValueSpecification","valueRequired":true,"valueName":"search_term_string"}}],"inLanguage":"en-GB"},{"@type":"Organization","@id":"https:\/\/www.bergteknik.se\/#organization","name":"Norrbottens Bergteknik","url":"https:\/\/www.bergteknik.se\/","logo":{"@type":"ImageObject","inLanguage":"en-GB","@id":"https:\/\/www.bergteknik.se\/#\/schema\/logo\/image\/","url":"https:\/\/www.bergteknik.se\/wp-content\/uploads\/2021\/12\/cropped-NBT_Logo_C_Bla_H100px.png","contentUrl":"https:\/\/www.bergteknik.se\/wp-content\/uploads\/2021\/12\/cropped-NBT_Logo_C_Bla_H100px.png","width":536,"height":150,"caption":"Norrbottens Bergteknik"},"image":{"@id":"https:\/\/www.bergteknik.se\/#\/schema\/logo\/image\/"}}]}},"_links":{"self":[{"href":"https:\/\/www.bergteknik.se\/en\/wp-json\/wp\/v2\/pages\/771","targetHints":{"allow":["GET"]}}],"collection":[{"href":"https:\/\/www.bergteknik.se\/en\/wp-json\/wp\/v2\/pages"}],"about":[{"href":"https:\/\/www.bergteknik.se\/en\/wp-json\/wp\/v2\/types\/page"}],"author":[{"embeddable":true,"href":"https:\/\/www.bergteknik.se\/en\/wp-json\/wp\/v2\/users\/1"}],"replies":[{"embeddable":true,"href":"https:\/\/www.bergteknik.se\/en\/wp-json\/wp\/v2\/comments?post=771"}],"version-history":[{"count":36,"href":"https:\/\/www.bergteknik.se\/en\/wp-json\/wp\/v2\/pages\/771\/revisions"}],"predecessor-version":[{"id":4736,"href":"https:\/\/www.bergteknik.se\/en\/wp-json\/wp\/v2\/pages\/771\/revisions\/4736"}],"wp:attachment":[{"href":"https:\/\/www.bergteknik.se\/en\/wp-json\/wp\/v2\/media?parent=771"}],"curies":[{"name":"wp","href":"https:\/\/api.w.org\/{rel}","templated":true}]}}