{"id":898,"date":"2019-01-23T12:39:17","date_gmt":"2019-01-23T12:39:17","guid":{"rendered":"http:\/\/www.bergteknik.se\/?page_id=898"},"modified":"2024-02-28T10:00:45","modified_gmt":"2024-02-28T10:00:45","slug":"form","status":"publish","type":"page","link":"https:\/\/www.bergteknik.se\/en\/formular\/","title":{"rendered":"form"},"content":{"rendered":"\t\t<div data-elementor-type=\"wp-post\" data-elementor-id=\"898\" class=\"elementor elementor-898\" data-elementor-post-type=\"page\">\n\t\t\t\t\t\t<section data-particle_enable=\"false\" data-particle-mobile-disabled=\"false\" class=\"elementor-section elementor-top-section elementor-element elementor-element-201a22d8 elementor-section-content-middle elementor-section-boxed elementor-section-height-default elementor-section-height-default\" data-id=\"201a22d8\" data-element_type=\"section\" data-e-type=\"section\">\n\t\t\t\t\t\t<div class=\"elementor-container elementor-column-gap-no\">\n\t\t\t\t\t<div class=\"elementor-column elementor-col-100 elementor-top-column elementor-element elementor-element-478ec79e\" data-id=\"478ec79e\" data-element_type=\"column\" data-e-type=\"column\">\n\t\t\t<div class=\"elementor-widget-wrap elementor-element-populated\">\n\t\t\t\t\t\t<div class=\"elementor-element elementor-element-14141da8 elementor-widget elementor-widget-heading\" data-id=\"14141da8\" data-element_type=\"widget\" data-e-type=\"widget\" data-widget_type=\"heading.default\">\n\t\t\t\t<div class=\"elementor-widget-container\">\n\t\t\t\t\t<h4 class=\"elementor-heading-title elementor-size-default\">Roligt att du \u00e4r intresserad!<\/h4>\t\t\t\t<\/div>\n\t\t\t\t<\/div>\n\t\t\t\t<div class=\"elementor-element elementor-element-102f1329 elementor-widget elementor-widget-text-editor\" data-id=\"102f1329\" data-element_type=\"widget\" data-e-type=\"widget\" data-widget_type=\"text-editor.default\">\n\t\t\t\t<div class=\"elementor-widget-container\">\n\t\t\t\t\t\t\t\t\t<p>Fyll i formul\u00e4ret nedan och skicka in till oss. Vi beh\u00e5ller din information och kontaktar dig utifr\u00e5n de behov som uppst\u00e5r. N\u00e4r du skickar in din information samtycker du samtidigt att vi f\u00e5r spara dina uppgifter.\u00a0<\/p>\t\t\t\t\t\t\t\t<\/div>\n\t\t\t\t<\/div>\n\t\t\t\t\t<\/div>\n\t\t<\/div>\n\t\t\t\t\t<\/div>\n\t\t<\/section>\n\t\t\t\t<section data-particle_enable=\"false\" data-particle-mobile-disabled=\"false\" class=\"elementor-section elementor-top-section elementor-element elementor-element-67d00b5b elementor-section-content-middle elementor-section-boxed elementor-section-height-default elementor-section-height-default\" data-id=\"67d00b5b\" data-element_type=\"section\" data-e-type=\"section\">\n\t\t\t\t\t\t<div class=\"elementor-container elementor-column-gap-no\">\n\t\t\t\t\t<div class=\"elementor-column elementor-col-100 elementor-top-column elementor-element elementor-element-380f92ef\" data-id=\"380f92ef\" data-element_type=\"column\" data-e-type=\"column\">\n\t\t\t<div class=\"elementor-widget-wrap elementor-element-populated\">\n\t\t\t\t\t\t<div class=\"elementor-element elementor-element-2005ec0d elementor-button-align-start elementor-mobile-button-align-center elementor-widget elementor-widget-form\" data-id=\"2005ec0d\" data-element_type=\"widget\" data-e-type=\"widget\" data-settings=\"{&quot;step_next_label&quot;:&quot;N\\u00e4sta&quot;,&quot;step_previous_label&quot;:&quot;F\\u00f6reg\\u00e5ende&quot;,&quot;button_width&quot;:&quot;100&quot;,&quot;step_type&quot;:&quot;number_text&quot;,&quot;step_icon_shape&quot;:&quot;circle&quot;}\" data-widget_type=\"form.default\">\n\t\t\t\t<div class=\"elementor-widget-container\">\n\t\t\t\t\t\t\t<form class=\"elementor-form\" method=\"post\" name=\"Jobba hos Norrbottens Bergteknik\" aria-label=\"Jobba hos Norrbottens Bergteknik\">\n\t\t\t<input type=\"hidden\" name=\"post_id\" value=\"898\"\/>\n\t\t\t<input type=\"hidden\" name=\"form_id\" value=\"2005ec0d\"\/>\n\t\t\t<input type=\"hidden\" name=\"referer_title\" value=\"Norrbottens Bergteknik\" \/>\n\n\t\t\t\n\t\t\t<div class=\"elementor-form-fields-wrapper elementor-labels-above\">\n\t\t\t\t\t\t\t\t<div class=\"elementor-field-type-text elementor-field-group elementor-column elementor-field-group-name elementor-col-50 elementor-field-required elementor-mark-required\">\n\t\t\t\t\t\t\t\t\t\t\t\t<label for=\"form-field-name\" class=\"elementor-field-label\">\n\t\t\t\t\t\t\t\tF\u00f6rnamn\t\t\t\t\t\t\t<\/label>\n\t\t\t\t\t\t\t\t\t\t\t\t\t\t<input size=\"1\" type=\"text\" name=\"form_fields[name]\" id=\"form-field-name\" class=\"elementor-field elementor-size-sm  elementor-field-textual\" placeholder=\"Ditt f\u00f6rnamn\" required=\"required\">\n\t\t\t\t\t\t\t\t\t\t\t<\/div>\n\t\t\t\t\t\t\t\t<div class=\"elementor-field-type-text elementor-field-group elementor-column elementor-field-group-b5e7212 elementor-col-50 elementor-field-required elementor-mark-required\">\n\t\t\t\t\t\t\t\t\t\t\t\t<label for=\"form-field-b5e7212\" class=\"elementor-field-label\">\n\t\t\t\t\t\t\t\tEfternamn\t\t\t\t\t\t\t<\/label>\n\t\t\t\t\t\t\t\t\t\t\t\t\t\t<input size=\"1\" type=\"text\" name=\"form_fields[b5e7212]\" id=\"form-field-b5e7212\" class=\"elementor-field elementor-size-sm  elementor-field-textual\" placeholder=\"Ditt efternamn\" required=\"required\">\n\t\t\t\t\t\t\t\t\t\t\t<\/div>\n\t\t\t\t\t\t\t\t<div class=\"elementor-field-type-number elementor-field-group elementor-column elementor-field-group-field_11de309 elementor-col-50 elementor-field-required elementor-mark-required\">\n\t\t\t\t\t\t\t\t\t\t\t\t<label for=\"form-field-field_11de309\" class=\"elementor-field-label\">\n\t\t\t\t\t\t\t\t\u00c5lder\t\t\t\t\t\t\t<\/label>\n\t\t\t\t\t\t\t\t\t<input type=\"number\" name=\"form_fields[field_11de309]\" id=\"form-field-field_11de309\" class=\"elementor-field elementor-size-sm  elementor-field-textual\" placeholder=\"    Din \u00e5lder\" required=\"required\" min=\"18\" max=\"65\" >\n\t\t\t\t\t\t<\/div>\n\t\t\t\t\t\t\t\t<div class=\"elementor-field-type-text elementor-field-group elementor-column elementor-field-group-field_731e966 elementor-col-50 elementor-field-required elementor-mark-required\">\n\t\t\t\t\t\t\t\t\t\t\t\t<label for=\"form-field-field_731e966\" class=\"elementor-field-label\">\n\t\t\t\t\t\t\t\tBostadsort\t\t\t\t\t\t\t<\/label>\n\t\t\t\t\t\t\t\t\t\t\t\t\t\t<input size=\"1\" type=\"text\" name=\"form_fields[field_731e966]\" id=\"form-field-field_731e966\" class=\"elementor-field elementor-size-sm  elementor-field-textual\" placeholder=\"Din bostadsort\" required=\"required\">\n\t\t\t\t\t\t\t\t\t\t\t<\/div>\n\t\t\t\t\t\t\t\t<div class=\"elementor-field-type-email elementor-field-group elementor-column elementor-field-group-email elementor-col-50 elementor-field-required elementor-mark-required\">\n\t\t\t\t\t\t\t\t\t\t\t\t<label for=\"form-field-email\" class=\"elementor-field-label\">\n\t\t\t\t\t\t\t\tE-MAIL\t\t\t\t\t\t\t<\/label>\n\t\t\t\t\t\t\t\t\t\t\t\t\t\t<input size=\"1\" type=\"email\" name=\"form_fields[email]\" id=\"form-field-email\" class=\"elementor-field elementor-size-sm  elementor-field-textual\" placeholder=\"Din e-postadress\" required=\"required\">\n\t\t\t\t\t\t\t\t\t\t\t<\/div>\n\t\t\t\t\t\t\t\t<div class=\"elementor-field-type-upload elementor-field-group elementor-column elementor-field-group-04fbb9f elementor-col-50\">\n\t\t\t\t\t\t\t\t\t\t\t\t<label for=\"form-field-04fbb9f\" class=\"elementor-field-label\">\n\t\t\t\t\t\t\t\tFiluppladdning (1 st, max 1 MB)\t\t\t\t\t\t\t<\/label>\n\t\t\t\t\t\t\t\t<input type=\"file\" name=\"form_fields[04fbb9f]\" id=\"form-field-04fbb9f\" class=\"elementor-field elementor-size-sm  elementor-upload-field\" data-maxsize=\"1\" data-maxsize-message=\"This file exceeds the maximum allowed size.\">\n\n\t\t\t\t\t\t<\/div>\n\t\t\t\t\t\t\t\t<div class=\"elementor-field-type-text elementor-field-group elementor-column elementor-field-group-5fc6f08 elementor-col-50 elementor-field-required elementor-mark-required\">\n\t\t\t\t\t\t\t\t\t\t\t\t<label for=\"form-field-5fc6f08\" class=\"elementor-field-label\">\n\t\t\t\t\t\t\t\tTelefon\t\t\t\t\t\t\t<\/label>\n\t\t\t\t\t\t\t\t\t\t\t\t\t\t<input size=\"1\" type=\"text\" name=\"form_fields[5fc6f08]\" id=\"form-field-5fc6f08\" class=\"elementor-field elementor-size-sm  elementor-field-textual\" placeholder=\"Ditt telefonnummer\" required=\"required\">\n\t\t\t\t\t\t\t\t\t\t\t<\/div>\n\t\t\t\t\t\t\t\t<div class=\"elementor-field-type-textarea elementor-field-group elementor-column elementor-field-group-6ed25c0 elementor-col-100 elementor-field-required elementor-mark-required\">\n\t\t\t\t\t\t\t\t\t\t\t\t<label for=\"form-field-6ed25c0\" class=\"elementor-field-label\">\n\t\t\t\t\t\t\t\tMeddelande\t\t\t\t\t\t\t<\/label>\n\t\t\t\t\t\t<textarea class=\"elementor-field-textual elementor-field  elementor-size-sm\" name=\"form_fields[6ed25c0]\" id=\"form-field-6ed25c0\" rows=\"5\" placeholder=\"Skriv ett meddelande h\u00e4r\" required=\"required\"><\/textarea>\t\t\t\t<\/div>\n\t\t\t\t\t\t\t\t<div class=\"elementor-field-group elementor-column elementor-field-type-submit elementor-col-100 e-form__buttons\">\n\t\t\t\t\t<button class=\"elementor-button elementor-size-md\" type=\"submit\">\n\t\t\t\t\t\t<span class=\"elementor-button-content-wrapper\">\n\t\t\t\t\t\t\t\t\t\t\t\t\t\t\t\t\t\t\t\t\t\t<span class=\"elementor-button-text\">Skicka<\/span>\n\t\t\t\t\t\t\t\t\t\t\t\t\t<\/span>\n\t\t\t\t\t<\/button>\n\t\t\t\t<\/div>\n\t\t\t<\/div>\n\t\t<\/form>\n\t\t\t\t\t\t<\/div>\n\t\t\t\t<\/div>\n\t\t\t\t\t<\/div>\n\t\t<\/div>\n\t\t\t\t\t<\/div>\n\t\t<\/section>\n\t\t\t\t<\/div>\n\t\t","protected":false},"excerpt":{"rendered":"<p>Glad you are interested! Fill in the form below and send it to us. We will keep your information and contact you according to the needs that arise. By submitting your information, you agree to allow us to store your data.\u00a0<\/p>","protected":false},"author":1,"featured_media":0,"parent":0,"menu_order":0,"comment_status":"closed","ping_status":"closed","template":"page-templates\/template-pagebuilder-full-width.php","meta":{"_acf_changed":false,"footnotes":""},"class_list":["post-898","page","type-page","status-publish","hentry"],"acf":[],"yoast_head":"<!-- This site is optimized with the Yoast SEO plugin v27.4 - https:\/\/yoast.com\/product\/yoast-seo-wordpress\/ -->\n<title>formul\u00e4r - Norrbottens Bergteknik<\/title>\n<meta name=\"robots\" content=\"index, follow, max-snippet:-1, max-image-preview:large, max-video-preview:-1\" \/>\n<link rel=\"canonical\" href=\"https:\/\/www.bergteknik.se\/en\/form\/\" \/>\n<meta property=\"og:locale\" content=\"en_GB\" \/>\n<meta property=\"og:type\" content=\"article\" \/>\n<meta property=\"og:title\" content=\"formul\u00e4r - Norrbottens Bergteknik\" \/>\n<meta property=\"og:description\" content=\"Roligt att du \u00e4r intresserad! Fyll i formul\u00e4ret nedan och skicka in till oss. Vi beh\u00e5ller din information och kontaktar dig utifr\u00e5n de behov som uppst\u00e5r. N\u00e4r du skickar in din information samtycker du samtidigt att vi f\u00e5r spara dina uppgifter.\u00a0\" \/>\n<meta property=\"og:url\" content=\"https:\/\/www.bergteknik.se\/en\/form\/\" \/>\n<meta property=\"og:site_name\" content=\"Norrbottens Bergteknik\" \/>\n<meta property=\"article:modified_time\" content=\"2024-02-28T10:00:45+00:00\" \/>\n<meta name=\"twitter:card\" content=\"summary_large_image\" \/>\n<meta name=\"twitter:label1\" content=\"Estimated reading time\" \/>\n\t<meta name=\"twitter:data1\" content=\"1 minute\" \/>\n<script type=\"application\/ld+json\" class=\"yoast-schema-graph\">{\"@context\":\"https:\\\/\\\/schema.org\",\"@graph\":[{\"@type\":\"WebPage\",\"@id\":\"https:\\\/\\\/www.bergteknik.se\\\/formular\\\/\",\"url\":\"https:\\\/\\\/www.bergteknik.se\\\/formular\\\/\",\"name\":\"formul\u00e4r - Norrbottens Bergteknik\",\"isPartOf\":{\"@id\":\"https:\\\/\\\/www.bergteknik.se\\\/#website\"},\"datePublished\":\"2019-01-23T12:39:17+00:00\",\"dateModified\":\"2024-02-28T10:00:45+00:00\",\"breadcrumb\":{\"@id\":\"https:\\\/\\\/www.bergteknik.se\\\/formular\\\/#breadcrumb\"},\"inLanguage\":\"en-GB\",\"potentialAction\":[{\"@type\":\"ReadAction\",\"target\":[\"https:\\\/\\\/www.bergteknik.se\\\/formular\\\/\"]}]},{\"@type\":\"BreadcrumbList\",\"@id\":\"https:\\\/\\\/www.bergteknik.se\\\/formular\\\/#breadcrumb\",\"itemListElement\":[{\"@type\":\"ListItem\",\"position\":1,\"name\":\"Hem\",\"item\":\"https:\\\/\\\/www.bergteknik.se\\\/\"},{\"@type\":\"ListItem\",\"position\":2,\"name\":\"formul\u00e4r\"}]},{\"@type\":\"WebSite\",\"@id\":\"https:\\\/\\\/www.bergteknik.se\\\/#website\",\"url\":\"https:\\\/\\\/www.bergteknik.se\\\/\",\"name\":\"Norrbottens Bergteknik\",\"description\":\"Ledande inom berghantering, borrning och spr\u00e4ngning\",\"publisher\":{\"@id\":\"https:\\\/\\\/www.bergteknik.se\\\/#organization\"},\"potentialAction\":[{\"@type\":\"SearchAction\",\"target\":{\"@type\":\"EntryPoint\",\"urlTemplate\":\"https:\\\/\\\/www.bergteknik.se\\\/?s={search_term_string}\"},\"query-input\":{\"@type\":\"PropertyValueSpecification\",\"valueRequired\":true,\"valueName\":\"search_term_string\"}}],\"inLanguage\":\"en-GB\"},{\"@type\":\"Organization\",\"@id\":\"https:\\\/\\\/www.bergteknik.se\\\/#organization\",\"name\":\"Norrbottens Bergteknik\",\"url\":\"https:\\\/\\\/www.bergteknik.se\\\/\",\"logo\":{\"@type\":\"ImageObject\",\"inLanguage\":\"en-GB\",\"@id\":\"https:\\\/\\\/www.bergteknik.se\\\/#\\\/schema\\\/logo\\\/image\\\/\",\"url\":\"https:\\\/\\\/www.bergteknik.se\\\/wp-content\\\/uploads\\\/2021\\\/12\\\/cropped-NBT_Logo_C_Bla_H100px.png\",\"contentUrl\":\"https:\\\/\\\/www.bergteknik.se\\\/wp-content\\\/uploads\\\/2021\\\/12\\\/cropped-NBT_Logo_C_Bla_H100px.png\",\"width\":536,\"height\":150,\"caption\":\"Norrbottens Bergteknik\"},\"image\":{\"@id\":\"https:\\\/\\\/www.bergteknik.se\\\/#\\\/schema\\\/logo\\\/image\\\/\"}}]}<\/script>\n<!-- \/ Yoast SEO plugin. -->","yoast_head_json":{"title":"form - Norrbottens Bergteknik","robots":{"index":"index","follow":"follow","max-snippet":"max-snippet:-1","max-image-preview":"max-image-preview:large","max-video-preview":"max-video-preview:-1"},"canonical":"https:\/\/www.bergteknik.se\/en\/form\/","og_locale":"en_GB","og_type":"article","og_title":"formul\u00e4r - Norrbottens Bergteknik","og_description":"Roligt att du \u00e4r intresserad! Fyll i formul\u00e4ret nedan och skicka in till oss. Vi beh\u00e5ller din information och kontaktar dig utifr\u00e5n de behov som uppst\u00e5r. N\u00e4r du skickar in din information samtycker du samtidigt att vi f\u00e5r spara dina uppgifter.\u00a0","og_url":"https:\/\/www.bergteknik.se\/en\/form\/","og_site_name":"Norrbottens Bergteknik","article_modified_time":"2024-02-28T10:00:45+00:00","twitter_card":"summary_large_image","twitter_misc":{"Estimated reading time":"1 minute"},"schema":{"@context":"https:\/\/schema.org","@graph":[{"@type":"WebPage","@id":"https:\/\/www.bergteknik.se\/formular\/","url":"https:\/\/www.bergteknik.se\/formular\/","name":"form - Norrbottens Bergteknik","isPartOf":{"@id":"https:\/\/www.bergteknik.se\/#website"},"datePublished":"2019-01-23T12:39:17+00:00","dateModified":"2024-02-28T10:00:45+00:00","breadcrumb":{"@id":"https:\/\/www.bergteknik.se\/formular\/#breadcrumb"},"inLanguage":"en-GB","potentialAction":[{"@type":"ReadAction","target":["https:\/\/www.bergteknik.se\/formular\/"]}]},{"@type":"BreadcrumbList","@id":"https:\/\/www.bergteknik.se\/formular\/#breadcrumb","itemListElement":[{"@type":"ListItem","position":1,"name":"Hem","item":"https:\/\/www.bergteknik.se\/"},{"@type":"ListItem","position":2,"name":"formul\u00e4r"}]},{"@type":"WebSite","@id":"https:\/\/www.bergteknik.se\/#website","url":"https:\/\/www.bergteknik.se\/","name":"Norrbottens Bergteknik","description":"Leader in rock handling, drilling and rock excavation","publisher":{"@id":"https:\/\/www.bergteknik.se\/#organization"},"potentialAction":[{"@type":"SearchAction","target":{"@type":"EntryPoint","urlTemplate":"https:\/\/www.bergteknik.se\/?s={search_term_string}"},"query-input":{"@type":"PropertyValueSpecification","valueRequired":true,"valueName":"search_term_string"}}],"inLanguage":"en-GB"},{"@type":"Organization","@id":"https:\/\/www.bergteknik.se\/#organization","name":"Norrbottens Bergteknik","url":"https:\/\/www.bergteknik.se\/","logo":{"@type":"ImageObject","inLanguage":"en-GB","@id":"https:\/\/www.bergteknik.se\/#\/schema\/logo\/image\/","url":"https:\/\/www.bergteknik.se\/wp-content\/uploads\/2021\/12\/cropped-NBT_Logo_C_Bla_H100px.png","contentUrl":"https:\/\/www.bergteknik.se\/wp-content\/uploads\/2021\/12\/cropped-NBT_Logo_C_Bla_H100px.png","width":536,"height":150,"caption":"Norrbottens Bergteknik"},"image":{"@id":"https:\/\/www.bergteknik.se\/#\/schema\/logo\/image\/"}}]}},"_links":{"self":[{"href":"https:\/\/www.bergteknik.se\/en\/wp-json\/wp\/v2\/pages\/898","targetHints":{"allow":["GET"]}}],"collection":[{"href":"https:\/\/www.bergteknik.se\/en\/wp-json\/wp\/v2\/pages"}],"about":[{"href":"https:\/\/www.bergteknik.se\/en\/wp-json\/wp\/v2\/types\/page"}],"author":[{"embeddable":true,"href":"https:\/\/www.bergteknik.se\/en\/wp-json\/wp\/v2\/users\/1"}],"replies":[{"embeddable":true,"href":"https:\/\/www.bergteknik.se\/en\/wp-json\/wp\/v2\/comments?post=898"}],"version-history":[{"count":25,"href":"https:\/\/www.bergteknik.se\/en\/wp-json\/wp\/v2\/pages\/898\/revisions"}],"predecessor-version":[{"id":4686,"href":"https:\/\/www.bergteknik.se\/en\/wp-json\/wp\/v2\/pages\/898\/revisions\/4686"}],"wp:attachment":[{"href":"https:\/\/www.bergteknik.se\/en\/wp-json\/wp\/v2\/media?parent=898"}],"curies":[{"name":"wp","href":"https:\/\/api.w.org\/{rel}","templated":true}]}}